{"id":6285,"date":"2019-11-27T11:20:42","date_gmt":"2019-11-27T10:20:42","guid":{"rendered":"http:\/\/consulting.stylemixthemes.com\/demo\/?page_id=6285"},"modified":"2023-01-12T10:40:21","modified_gmt":"2023-01-12T09:40:21","slug":"nos-articles","status":"publish","type":"page","link":"https:\/\/arianefinance.com\/ariane\/nos-articles\/","title":{"rendered":"Nos articles"},"content":{"rendered":"\t\t<div data-elementor-type=\"wp-page\" data-elementor-id=\"6285\" class=\"elementor elementor-6285\">\n\t\t\t\t\t\t<div class=\"elementor-inner\">\n\t\t\t\t<div class=\"elementor-section-wrap\">\n\t\t\t\t\t\t\t\t\t<section class=\"elementor-section elementor-top-section elementor-element elementor-element-bb6e675 elementor-section-boxed elementor-section-height-default elementor-section-height-default\" data-id=\"bb6e675\" data-element_type=\"section\">\n\t\t\t\t\t\t<div class=\"elementor-container elementor-column-gap-default\">\n\t\t\t\t\t\t\t<div class=\"elementor-row\">\n\t\t\t\t\t<div class=\"elementor-column elementor-col-66 elementor-top-column elementor-element elementor-element-bb6eac0\" data-id=\"bb6eac0\" data-element_type=\"column\">\n\t\t\t<div class=\"elementor-column-wrap elementor-element-populated\">\n\t\t\t\t\t\t\t<div class=\"elementor-widget-wrap\">\n\t\t\t\t\t\t<div class=\"elementor-element elementor-element-11fbebe elementor-widget elementor-widget-image\" data-id=\"11fbebe\" data-element_type=\"widget\" data-widget_type=\"image.default\">\n\t\t\t\t<div class=\"elementor-widget-container\">\n\t\t\t\t\t\t\t\t<div class=\"elementor-image\">\n\t\t\t\t\t\t\t\t\t\t\t\t<img loading=\"lazy\" decoding=\"async\" width=\"1024\" height=\"453\" src=\"https:\/\/arianefinance.com\/ariane\/wp-content\/uploads\/2023\/01\/Article-1024x453.png\" class=\"attachment-large size-large\" alt=\"\" srcset=\"https:\/\/arianefinance.com\/ariane\/wp-content\/uploads\/2023\/01\/Article-1024x453.png 1024w, https:\/\/arianefinance.com\/ariane\/wp-content\/uploads\/2023\/01\/Article-300x133.png 300w, https:\/\/arianefinance.com\/ariane\/wp-content\/uploads\/2023\/01\/Article-768x340.png 768w, https:\/\/arianefinance.com\/ariane\/wp-content\/uploads\/2023\/01\/Article-1536x680.png 1536w, https:\/\/arianefinance.com\/ariane\/wp-content\/uploads\/2023\/01\/Article-900x398.png 900w, https:\/\/arianefinance.com\/ariane\/wp-content\/uploads\/2023\/01\/Article-600x266.png 600w, https:\/\/arianefinance.com\/ariane\/wp-content\/uploads\/2023\/01\/Article.png 1920w\" sizes=\"auto, (max-width: 1024px) 100vw, 1024px\" \/>\t\t\t\t\t\t\t\t\t\t\t\t\t\t<\/div>\n\t\t\t\t\t\t<\/div>\n\t\t\t\t<\/div>\n\t\t\t\t<div class=\"elementor-element elementor-element-bb6ee2b elementor-widget elementor-widget-stm_news\" data-id=\"bb6ee2b\" data-element_type=\"widget\" data-widget_type=\"stm_news.default\">\n\t\t\t\t<div class=\"elementor-widget-container\">\n\t\t\t\n\n    <div class=\"stm_news  consulting_elementor_posts\">\n        <ul class=\"news_list posts_per_row_\">\n\n            \n                                <li class=\"view_style_3\">\n                    <div class=\"post_item\">\n                                                <div class=\"content\">\n                            <a href=\"https:\/\/arianefinance.com\/ariane\/bonjour-tout-le-monde-2-2-2\/\" class=\"title base_font_color\">\n                                <h5 class=\"secondary_font_color_hv\">ACTUALIT\u00c9 D\u2019ARIANE FINANCE SA<\/h5>\n                            <\/a>\n                            <div class=\"description\">\n                                                            <\/div>\n                            <a href=\"https:\/\/arianefinance.com\/ariane\/bonjour-tout-le-monde-2-2-2\/\" class=\"read_more\">\n                                <i class=\"stm-lnr-arrow-right third_bg_color base_bg_color_hv\"><\/i>\n                                <span>\n                                Lire plus                                <\/span>\n                            <\/a>\n                        <\/div>\n                    <\/div>\n                <\/li>\n\n            \n                                <li class=\"view_style_3\">\n                    <div class=\"post_item\">\n                                                <div class=\"content\">\n                            <a href=\"https:\/\/arianefinance.com\/ariane\/bonjour-tout-le-monde-2-2\/\" class=\"title base_font_color\">\n                                <h5 class=\"secondary_font_color_hv\">CAMPAGNE SUR LE PRODUIT JUBA EXPRESS<\/h5>\n                            <\/a>\n                            <div class=\"description\">\n                                                            <\/div>\n                            <a href=\"https:\/\/arianefinance.com\/ariane\/bonjour-tout-le-monde-2-2\/\" class=\"read_more\">\n                                <i class=\"stm-lnr-arrow-right third_bg_color base_bg_color_hv\"><\/i>\n                                <span>\n                                Lire plus                                <\/span>\n                            <\/a>\n                        <\/div>\n                    <\/div>\n                <\/li>\n\n            \n                                <li class=\"view_style_3\">\n                    <div class=\"post_item\">\n                                                <div class=\"content\">\n                            <a href=\"https:\/\/arianefinance.com\/ariane\/bonjour-tout-le-monde-2\/\" class=\"title base_font_color\">\n                                <h5 class=\"secondary_font_color_hv\">PRESENTATION A LA MAIRIE AVEC LES MEMBRES DE L&#8217;ASSOCIATION COMMERCANTS DE LASTOURVILLE<\/h5>\n                            <\/a>\n                            <div class=\"description\">\n                                                            <\/div>\n                            <a href=\"https:\/\/arianefinance.com\/ariane\/bonjour-tout-le-monde-2\/\" class=\"read_more\">\n                                <i class=\"stm-lnr-arrow-right third_bg_color base_bg_color_hv\"><\/i>\n                                <span>\n                                Lire plus                                <\/span>\n                            <\/a>\n                        <\/div>\n                    <\/div>\n                <\/li>\n\n            \n                                <li class=\"view_style_3\">\n                    <div class=\"post_item\">\n                                                <div class=\"content\">\n                            <a href=\"https:\/\/arianefinance.com\/ariane\/bonjour-tout-le-monde\/\" class=\"title base_font_color\">\n                                <h5 class=\"secondary_font_color_hv\">Les enjeux du microcr\u00e9dit<\/h5>\n                            <\/a>\n                            <div class=\"description\">\n                                                            <\/div>\n                            <a href=\"https:\/\/arianefinance.com\/ariane\/bonjour-tout-le-monde\/\" class=\"read_more\">\n                                <i class=\"stm-lnr-arrow-right third_bg_color base_bg_color_hv\"><\/i>\n                                <span>\n                                Lire plus                                <\/span>\n                            <\/a>\n                        <\/div>\n                    <\/div>\n                <\/li>\n\n                    <\/ul>\n    <\/div>\n\t\t<\/div>\n\t\t\t\t<\/div>\n\t\t\t\t\t\t<\/div>\n\t\t\t\t\t<\/div>\n\t\t<\/div>\n\t\t\t\t<div class=\"elementor-column elementor-col-33 elementor-top-column elementor-element elementor-element-bb6eee0\" data-id=\"bb6eee0\" data-element_type=\"column\">\n\t\t\t<div class=\"elementor-column-wrap elementor-element-populated\">\n\t\t\t\t\t\t\t<div class=\"elementor-widget-wrap\">\n\t\t\t\t\t\t<div class=\"elementor-element elementor-element-bb6f22d elementor-widget elementor-widget-stm_sidebar\" data-id=\"bb6f22d\" data-element_type=\"widget\" data-widget_type=\"stm_sidebar.default\">\n\t\t\t\t<div class=\"elementor-widget-container\">\n\t\t\t\n<div class=\"stm_sidebar consulting_elementor_sidebar\">\n\n            \t\t<div data-elementor-type=\"wp-post\" data-elementor-id=\"311\" class=\"elementor elementor-311\">\n\t\t\t\t\t\t<div class=\"elementor-inner\">\n\t\t\t\t<div class=\"elementor-section-wrap\">\n\t\t\t\t\t\t\t\t\t<section class=\"elementor-section elementor-top-section elementor-element elementor-element-8ce4966 elementor-section-boxed elementor-section-height-default elementor-section-height-default\" data-id=\"8ce4966\" data-element_type=\"section\" data-settings=\"{&quot;background_background&quot;:&quot;classic&quot;}\">\n\t\t\t\t\t\t<div class=\"elementor-container elementor-column-gap-default\">\n\t\t\t\t\t\t\t<div class=\"elementor-row\">\n\t\t\t\t\t<div class=\"elementor-column elementor-col-100 elementor-top-column elementor-element elementor-element-8ce4e6c\" data-id=\"8ce4e6c\" data-element_type=\"column\">\n\t\t\t<div class=\"elementor-column-wrap elementor-element-populated\">\n\t\t\t\t\t\t\t<div class=\"elementor-widget-wrap\">\n\t\t\t\t\t\t<div class=\"elementor-element elementor-element-8ce5435 elementor-align-left elementor-widget elementor-widget-button\" data-id=\"8ce5435\" data-element_type=\"widget\" data-widget_type=\"button.default\">\n\t\t\t\t<div class=\"elementor-widget-container\">\n\t\t\t\t\t<div class=\"elementor-button-wrapper icon_align_left  button_block\">\n\t\t\t<a href=\"https:\/\/drive.google.com\/u\/0\/uc?id=1BRh-5F9imVI5M7SN1T0cab69YBmRphxg&#038;export=download\" class=\"elementor-button-link elementor-button elementor-size-lg\" role=\"button\">\n\t\t\t\t\t\t<span class=\"elementor-button-content-wrapper\">\n\t\t\t\t\t\t\t<span class=\"elementor-button-icon elementor-align-icon-left\">\n\t\t\t\t<i aria-hidden=\"true\" class=\"fa fa-file-pdf-o\"><\/i>\t\t\t<\/span>\n\t\t\t\t\t\t<span class=\"elementor-button-text\">Pr\u00e9sentation d'Ariane Finance <\/span>\n\t\t<\/span>\n\t\t\t\t\t<\/a>\n\t\t<\/div>\n\t\t\t\t<\/div>\n\t\t\t\t<\/div>\n\t\t\t\t\t\t<\/div>\n\t\t\t\t\t<\/div>\n\t\t<\/div>\n\t\t\t\t\t\t\t\t<\/div>\n\t\t\t\t\t<\/div>\n\t\t<\/section>\n\t\t\t\t<section class=\"elementor-section elementor-top-section elementor-element elementor-element-8ce604d third_bg_color elementor-section-boxed elementor-section-height-default elementor-section-height-default\" data-id=\"8ce604d\" data-element_type=\"section\" data-settings=\"{&quot;background_background&quot;:&quot;classic&quot;}\">\n\t\t\t\t\t\t<div class=\"elementor-container elementor-column-gap-default\">\n\t\t\t\t\t\t\t<div class=\"elementor-row\">\n\t\t\t\t\t<div class=\"elementor-column elementor-col-100 elementor-top-column elementor-element elementor-element-8ce6597\" data-id=\"8ce6597\" data-element_type=\"column\" data-settings=\"{&quot;background_background&quot;:&quot;classic&quot;}\">\n\t\t\t<div class=\"elementor-column-wrap elementor-element-populated\">\n\t\t\t\t\t\t\t<div class=\"elementor-widget-wrap\">\n\t\t\t\t\t\t<div class=\"elementor-element elementor-element-8ce69ff elementor-widget elementor-widget-vc_custom_heading\" data-id=\"8ce69ff\" data-element_type=\"widget\" data-widget_type=\"vc_custom_heading.default\">\n\t\t\t\t<div class=\"elementor-widget-container\">\n\t\t\t<div class=\" vc_custom_heading  consulting_heading_font  text_align_left\" ><div style=\"font-size: 16px;color: #002e5b;text-align: left;font-weight:700\" class=\"consulting-custom-title\">En quoi pouvons-nous vous aider ? \n<\/div><\/div>\t\t<\/div>\n\t\t\t\t<\/div>\n\t\t\t\t<div class=\"elementor-element elementor-element-8ce6e43 elementor-widget elementor-widget-text-editor\" data-id=\"8ce6e43\" data-element_type=\"widget\" data-widget_type=\"text-editor.default\">\n\t\t\t\t<div class=\"elementor-widget-container\">\n\t\t\t\t\t\t\t\t<div class=\"elementor-text-editor elementor-clearfix\">\n\t\t\t\t<p><span style=\"font-size: 13px; line-height: 22px; color: #002e5b;\">Contactez-nous \u00e0 travers nos diff\u00e9rentes coordonn\u00e9es et vous serez pris en charge par un agent d&#8217;Ariane Finance.\u00a0<\/span><\/p>\n\t\t\t\t\t<\/div>\n\t\t\t\t\t\t<\/div>\n\t\t\t\t<\/div>\n\t\t\t\t<div class=\"elementor-element elementor-element-8ce70dd elementor-widget__width-auto elementor-widget elementor-widget-button\" data-id=\"8ce70dd\" data-element_type=\"widget\" data-widget_type=\"button.default\">\n\t\t\t\t<div class=\"elementor-widget-container\">\n\t\t\t\t\t<div class=\"elementor-button-wrapper icon_align_left  \">\n\t\t\t<a href=\"https:\/\/arianefinance.com\/ariane\/contactez-nous\/\" class=\"elementor-button-link elementor-button elementor-size-sm\" role=\"button\">\n\t\t\t\t\t\t<span class=\"elementor-button-content-wrapper\">\n\t\t\t\t\t\t\t<span class=\"elementor-button-icon elementor-align-icon-left\">\n\t\t\t\t<i aria-hidden=\"true\" class=\"fa fa-phone-square\"><\/i>\t\t\t<\/span>\n\t\t\t\t\t\t<span class=\"elementor-button-text\">contacts<\/span>\n\t\t<\/span>\n\t\t\t\t\t<\/a>\n\t\t<\/div>\n\t\t\t\t<\/div>\n\t\t\t\t<\/div>\n\t\t\t\t\t\t<\/div>\n\t\t\t\t\t<\/div>\n\t\t<\/div>\n\t\t\t\t\t\t\t\t<\/div>\n\t\t\t\t\t<\/div>\n\t\t<\/section>\n\t\t\t\t<section class=\"elementor-section elementor-top-section elementor-element elementor-element-8ce7b14 elementor-section-boxed elementor-section-height-default elementor-section-height-default\" data-id=\"8ce7b14\" data-element_type=\"section\">\n\t\t\t\t\t\t<div class=\"elementor-container elementor-column-gap-default\">\n\t\t\t\t\t\t\t<div class=\"elementor-row\">\n\t\t\t\t\t<div class=\"elementor-column elementor-col-100 elementor-top-column elementor-element elementor-element-8ce7f24\" data-id=\"8ce7f24\" data-element_type=\"column\">\n\t\t\t<div class=\"elementor-column-wrap elementor-element-populated\">\n\t\t\t\t\t\t\t<div class=\"elementor-widget-wrap\">\n\t\t\t\t\t\t<div class=\"elementor-element elementor-element-8ce826a elementor-widget elementor-widget-stm_testimonials\" data-id=\"8ce826a\" data-element_type=\"widget\" data-widget_type=\"stm_testimonials.default\">\n\t\t\t\t<div class=\"elementor-widget-container\">\n\t\t\t\n\n\t\t\t<div class=\"stm_testimonials consulting_elementor_testimonials style_1\">\n\t\t\t\t\t\t\t<div class=\"item\">\n\t\t\t\t\t<div class=\"testimonial\"><p>Ariane Finance assure un excellent suivi du versement des salaires et des diff\u00e9rents flux financiers de notre structure. <\/p>\n<\/div>\n\t\t\t\t\t<div class=\"testimonial-info clearfix\">\n\t\t\t\t\t\t<div class=\"testimonial-image\"><\/div>\n\t\t\t\t\t\t<div class=\"testimonial-text\">\n\t\t\t\t\t\t\t<div class=\"name\">Jeff BOUNDAMAS<\/div>\n\t\t\t\t\t\t\t<div class=\"company\">\n\t\t\t\t\t\t\tDirecteur G\u00e9n\u00e9ral, JOBS CONSEIL\t\t\t\t\t\t\t<\/div>\n\t\t\t\t\t\t<\/div>\n\t\t\t\t\t<\/div>\n\t\t\t\t<\/div>\n\t\t\t\t\t<\/div>\n\t\n\t\t\t<\/div>\n\t\t\t\t<\/div>\n\t\t\t\t\t\t<\/div>\n\t\t\t\t\t<\/div>\n\t\t<\/div>\n\t\t\t\t\t\t\t\t<\/div>\n\t\t\t\t\t<\/div>\n\t\t<\/section>\n\t\t\t\t\t\t\t\t\t<\/div>\n\t\t\t<\/div>\n\t\t\t\t\t<\/div>\n\t\t    \n<\/div>\t\t<\/div>\n\t\t\t\t<\/div>\n\t\t\t\t\t\t<\/div>\n\t\t\t\t\t<\/div>\n\t\t<\/div>\n\t\t\t\t\t\t\t\t<\/div>\n\t\t\t\t\t<\/div>\n\t\t<\/section>\n\t\t\t\t<section class=\"elementor-section elementor-top-section elementor-element elementor-element-79a9618 elementor-section-boxed elementor-section-height-default elementor-section-height-default\" data-id=\"79a9618\" data-element_type=\"section\">\n\t\t\t\t\t\t<div class=\"elementor-container elementor-column-gap-default\">\n\t\t\t\t\t\t\t<div class=\"elementor-row\">\n\t\t\t\t\t<div class=\"elementor-column elementor-col-33 elementor-top-column elementor-element elementor-element-04a661b\" data-id=\"04a661b\" data-element_type=\"column\">\n\t\t\t<div class=\"elementor-column-wrap elementor-element-populated\">\n\t\t\t\t\t\t\t<div class=\"elementor-widget-wrap\">\n\t\t\t\t\t\t<div class=\"elementor-element elementor-element-40a5131 elementor-widget elementor-widget-image\" data-id=\"40a5131\" data-element_type=\"widget\" data-widget_type=\"image.default\">\n\t\t\t\t<div class=\"elementor-widget-container\">\n\t\t\t\t\t\t\t\t<div class=\"elementor-image\">\n\t\t\t\t\t\t\t\t\t\t\t\t<img loading=\"lazy\" decoding=\"async\" width=\"1024\" height=\"1024\" src=\"https:\/\/arianefinance.com\/ariane\/wp-content\/uploads\/2023\/01\/Actualite-2-images-1024x1024.jpg\" class=\"attachment-large size-large\" alt=\"\" srcset=\"https:\/\/arianefinance.com\/ariane\/wp-content\/uploads\/2023\/01\/Actualite-2-images-1024x1024.jpg 1024w, https:\/\/arianefinance.com\/ariane\/wp-content\/uploads\/2023\/01\/Actualite-2-images-300x300.jpg 300w, https:\/\/arianefinance.com\/ariane\/wp-content\/uploads\/2023\/01\/Actualite-2-images-150x150.jpg 150w, https:\/\/arianefinance.com\/ariane\/wp-content\/uploads\/2023\/01\/Actualite-2-images-768x768.jpg 768w, https:\/\/arianefinance.com\/ariane\/wp-content\/uploads\/2023\/01\/Actualite-2-images-50x50.jpg 50w, https:\/\/arianefinance.com\/ariane\/wp-content\/uploads\/2023\/01\/Actualite-2-images-320x320.jpg 320w, https:\/\/arianefinance.com\/ariane\/wp-content\/uploads\/2023\/01\/Actualite-2-images-900x900.jpg 900w, https:\/\/arianefinance.com\/ariane\/wp-content\/uploads\/2023\/01\/Actualite-2-images-600x600.jpg 600w, https:\/\/arianefinance.com\/ariane\/wp-content\/uploads\/2023\/01\/Actualite-2-images-100x100.jpg 100w, https:\/\/arianefinance.com\/ariane\/wp-content\/uploads\/2023\/01\/Actualite-2-images.jpg 1080w\" sizes=\"auto, (max-width: 1024px) 100vw, 1024px\" \/>\t\t\t\t\t\t\t\t\t\t\t\t\t\t<\/div>\n\t\t\t\t\t\t<\/div>\n\t\t\t\t<\/div>\n\t\t\t\t\t\t<\/div>\n\t\t\t\t\t<\/div>\n\t\t<\/div>\n\t\t\t\t<div class=\"elementor-column elementor-col-33 elementor-top-column elementor-element elementor-element-8f6975a\" data-id=\"8f6975a\" data-element_type=\"column\">\n\t\t\t<div class=\"elementor-column-wrap elementor-element-populated\">\n\t\t\t\t\t\t\t<div class=\"elementor-widget-wrap\">\n\t\t\t\t\t\t<div class=\"elementor-element elementor-element-c8a1e41 elementor-widget elementor-widget-image\" data-id=\"c8a1e41\" data-element_type=\"widget\" data-widget_type=\"image.default\">\n\t\t\t\t<div class=\"elementor-widget-container\">\n\t\t\t\t\t\t\t\t<div class=\"elementor-image\">\n\t\t\t\t\t\t\t\t\t\t\t\t<img loading=\"lazy\" decoding=\"async\" width=\"736\" height=\"736\" src=\"https:\/\/arianefinance.com\/ariane\/wp-content\/uploads\/2023\/01\/Actualite-3-images.jpg\" class=\"attachment-large size-large\" alt=\"\" srcset=\"https:\/\/arianefinance.com\/ariane\/wp-content\/uploads\/2023\/01\/Actualite-3-images.jpg 736w, https:\/\/arianefinance.com\/ariane\/wp-content\/uploads\/2023\/01\/Actualite-3-images-300x300.jpg 300w, https:\/\/arianefinance.com\/ariane\/wp-content\/uploads\/2023\/01\/Actualite-3-images-150x150.jpg 150w, https:\/\/arianefinance.com\/ariane\/wp-content\/uploads\/2023\/01\/Actualite-3-images-50x50.jpg 50w, https:\/\/arianefinance.com\/ariane\/wp-content\/uploads\/2023\/01\/Actualite-3-images-320x320.jpg 320w, https:\/\/arianefinance.com\/ariane\/wp-content\/uploads\/2023\/01\/Actualite-3-images-600x600.jpg 600w, https:\/\/arianefinance.com\/ariane\/wp-content\/uploads\/2023\/01\/Actualite-3-images-100x100.jpg 100w\" sizes=\"auto, (max-width: 736px) 100vw, 736px\" \/>\t\t\t\t\t\t\t\t\t\t\t\t\t\t<\/div>\n\t\t\t\t\t\t<\/div>\n\t\t\t\t<\/div>\n\t\t\t\t\t\t<\/div>\n\t\t\t\t\t<\/div>\n\t\t<\/div>\n\t\t\t\t<div class=\"elementor-column elementor-col-33 elementor-top-column elementor-element elementor-element-9430c56\" data-id=\"9430c56\" data-element_type=\"column\">\n\t\t\t<div class=\"elementor-column-wrap elementor-element-populated\">\n\t\t\t\t\t\t\t<div class=\"elementor-widget-wrap\">\n\t\t\t\t\t\t<div class=\"elementor-element elementor-element-3926dd3 elementor-widget elementor-widget-image\" data-id=\"3926dd3\" data-element_type=\"widget\" data-widget_type=\"image.default\">\n\t\t\t\t<div class=\"elementor-widget-container\">\n\t\t\t\t\t\t\t\t<div class=\"elementor-image\">\n\t\t\t\t\t\t\t\t\t\t\t\t<img loading=\"lazy\" decoding=\"async\" width=\"1024\" height=\"1024\" src=\"https:\/\/arianefinance.com\/ariane\/wp-content\/uploads\/2023\/01\/actualite-image-1024x1024.jpg\" class=\"attachment-large size-large\" alt=\"\" srcset=\"https:\/\/arianefinance.com\/ariane\/wp-content\/uploads\/2023\/01\/actualite-image-1024x1024.jpg 1024w, https:\/\/arianefinance.com\/ariane\/wp-content\/uploads\/2023\/01\/actualite-image-300x300.jpg 300w, https:\/\/arianefinance.com\/ariane\/wp-content\/uploads\/2023\/01\/actualite-image-150x150.jpg 150w, https:\/\/arianefinance.com\/ariane\/wp-content\/uploads\/2023\/01\/actualite-image-768x768.jpg 768w, https:\/\/arianefinance.com\/ariane\/wp-content\/uploads\/2023\/01\/actualite-image-50x50.jpg 50w, https:\/\/arianefinance.com\/ariane\/wp-content\/uploads\/2023\/01\/actualite-image-320x320.jpg 320w, https:\/\/arianefinance.com\/ariane\/wp-content\/uploads\/2023\/01\/actualite-image-900x900.jpg 900w, https:\/\/arianefinance.com\/ariane\/wp-content\/uploads\/2023\/01\/actualite-image-600x600.jpg 600w, https:\/\/arianefinance.com\/ariane\/wp-content\/uploads\/2023\/01\/actualite-image-100x100.jpg 100w, https:\/\/arianefinance.com\/ariane\/wp-content\/uploads\/2023\/01\/actualite-image.jpg 1080w\" sizes=\"auto, (max-width: 1024px) 100vw, 1024px\" \/>\t\t\t\t\t\t\t\t\t\t\t\t\t\t<\/div>\n\t\t\t\t\t\t<\/div>\n\t\t\t\t<\/div>\n\t\t\t\t\t\t<\/div>\n\t\t\t\t\t<\/div>\n\t\t<\/div>\n\t\t\t\t\t\t\t\t<\/div>\n\t\t\t\t\t<\/div>\n\t\t<\/section>\n\t\t\t\t\t\t\t\t\t<\/div>\n\t\t\t<\/div>\n\t\t\t\t\t<\/div>\n\t\t","protected":false},"excerpt":{"rendered":"<p>CAMPAGNE SUR LE PRODUIT JUBA EXPRESS Lire plus PRESENTATION A LA MAIRIE AVEC LES MEMBRES DE L&#8217;ASSOCIATION COMMERCANTS DE LASTOURVILLE Lire plus Les enjeux du microcr\u00e9dit Lire plus Pr\u00e9sentation d&#8217;Ariane Finance En quoi pouvons-nous vous aider ? Contactez-nous \u00e0 travers nos diff\u00e9rentes coordonn\u00e9es et vous serez pris en charge par un agent d&#8217;Ariane Finance.\u00a0 contacts<\/p>\n","protected":false},"author":1,"featured_media":0,"parent":0,"menu_order":0,"comment_status":"closed","ping_status":"closed","template":"","meta":{"content-type":"","footnotes":""},"class_list":["post-6285","page","type-page","status-publish","hentry"],"_links":{"self":[{"href":"https:\/\/arianefinance.com\/ariane\/wp-json\/wp\/v2\/pages\/6285","targetHints":{"allow":["GET"]}}],"collection":[{"href":"https:\/\/arianefinance.com\/ariane\/wp-json\/wp\/v2\/pages"}],"about":[{"href":"https:\/\/arianefinance.com\/ariane\/wp-json\/wp\/v2\/types\/page"}],"author":[{"embeddable":true,"href":"https:\/\/arianefinance.com\/ariane\/wp-json\/wp\/v2\/users\/1"}],"replies":[{"embeddable":true,"href":"https:\/\/arianefinance.com\/ariane\/wp-json\/wp\/v2\/comments?post=6285"}],"version-history":[{"count":10,"href":"https:\/\/arianefinance.com\/ariane\/wp-json\/wp\/v2\/pages\/6285\/revisions"}],"predecessor-version":[{"id":8362,"href":"https:\/\/arianefinance.com\/ariane\/wp-json\/wp\/v2\/pages\/6285\/revisions\/8362"}],"wp:attachment":[{"href":"https:\/\/arianefinance.com\/ariane\/wp-json\/wp\/v2\/media?parent=6285"}],"curies":[{"name":"wp","href":"https:\/\/api.w.org\/{rel}","templated":true}]}}