{"id":6266,"date":"2019-11-26T09:25:26","date_gmt":"2019-11-26T08:25:26","guid":{"rendered":"http:\/\/consulting.stylemixthemes.com\/demo\/?page_id=6266"},"modified":"2022-10-07T10:29:08","modified_gmt":"2022-10-07T08:29:08","slug":"services","status":"publish","type":"page","link":"https:\/\/arianefinance.com\/ariane\/services\/","title":{"rendered":"Services"},"content":{"rendered":"\t\t<div data-elementor-type=\"wp-page\" data-elementor-id=\"6266\" class=\"elementor elementor-6266 elementor-bc-flex-widget\">\n\t\t\t\t\t\t<div class=\"elementor-inner\">\n\t\t\t\t<div class=\"elementor-section-wrap\">\n\t\t\t\t\t\t\t\t\t<section class=\"elementor-section elementor-top-section elementor-element elementor-element-bf1f623 elementor-section-boxed elementor-section-height-default elementor-section-height-default\" data-id=\"bf1f623\" data-element_type=\"section\">\n\t\t\t\t\t\t<div class=\"elementor-container elementor-column-gap-default\">\n\t\t\t\t\t\t\t<div class=\"elementor-row\">\n\t\t\t\t\t<div class=\"elementor-column elementor-col-100 elementor-top-column elementor-element elementor-element-bf1fa4e\" data-id=\"bf1fa4e\" data-element_type=\"column\">\n\t\t\t<div class=\"elementor-column-wrap elementor-element-populated\">\n\t\t\t\t\t\t\t<div class=\"elementor-widget-wrap\">\n\t\t\t\t\t\t<div class=\"elementor-element elementor-element-bf1fe4a elementor-widget elementor-widget-stm_services\" data-id=\"bf1fe4a\" data-element_type=\"widget\" data-widget_type=\"stm_services.default\">\n\t\t\t\t<div class=\"elementor-widget-container\">\n\t\t\t\n    <div class=\"stm_services consulting_elementor_services style_6 cols_3\">\n                                <div class=\"item\">\n                <div class=\"item_wr\">\n                                                            <div class=\"content\" >\n                                                                            <h5>\n                                <a href=\"https:\/\/arianefinance.com\/ariane\/service\/transfert\/\"\n                                                                       class=\"text_decoration_none secondary_font_color_hv\">Transfert d&#8217;argent<\/a>\n                            <\/h5>\n                                                                            <p>Le transfert d&#8217;argent sert \u00e0 envoyer de l&#8217;argent liquide \u00e0 l&#8217;\u00e9tranger. On parle aussi de \u00ab mandat international \u00bb.<\/p>\n                                                                            <a class=\"read_more\"\n                               href=\"https:\/\/arianefinance.com\/ariane\/service\/transfert\/\" >\n                                <span>Lire plus<\/span>\n                                <i class=\" fa fa-chevron-right stm_icon\"><\/i>\n                            <\/a>\n                                            <\/div>\n                <\/div>\n            <\/div>\n                                <div class=\"item\">\n                <div class=\"item_wr\">\n                                                            <div class=\"content\" >\n                                                                            <h5>\n                                <a href=\"https:\/\/arianefinance.com\/ariane\/service\/change_manuel\/\"\n                                                                       class=\"text_decoration_none secondary_font_color_hv\">Change manuel<\/a>\n                            <\/h5>\n                                                                            <p>Une op\u00e9ration de change manuel constitue l&#8217;\u00e9change imm\u00e9diat de billets ou monnaies libell\u00e9s en devises diff\u00e9rentes.<\/p>\n                                                                            <a class=\"read_more\"\n                               href=\"https:\/\/arianefinance.com\/ariane\/service\/change_manuel\/\" >\n                                <span>Lire plus<\/span>\n                                <i class=\" fa fa-chevron-right stm_icon\"><\/i>\n                            <\/a>\n                                            <\/div>\n                <\/div>\n            <\/div>\n                                <div class=\"item\">\n                <div class=\"item_wr\">\n                                                            <div class=\"content\" >\n                                                                            <h5>\n                                <a href=\"https:\/\/arianefinance.com\/ariane\/service\/virement\/\"\n                                                                       class=\"text_decoration_none secondary_font_color_hv\">Virement CEMAC et internationaux<\/a>\n                            <\/h5>\n                                                                            <p>un virement bancaire est une op\u00e9ration d&#8217;envoi et de r\u00e9ception d&#8217;argent entre deux comptes bancaires: soit ouverts dans la m\u00eame banque, soit dans deux banques diff\u00e9rentes.<\/p>\n                                                                            <a class=\"read_more\"\n                               href=\"https:\/\/arianefinance.com\/ariane\/service\/virement\/\" >\n                                <span>Lire plus<\/span>\n                                <i class=\" fa fa-chevron-right stm_icon\"><\/i>\n                            <\/a>\n                                            <\/div>\n                <\/div>\n            <\/div>\n                                <div class=\"item\">\n                <div class=\"item_wr\">\n                                                            <div class=\"content\" >\n                                                                            <h5>\n                                <a href=\"https:\/\/arianefinance.com\/ariane\/service\/carte-visa-prepayee\/\"\n                                                                       class=\"text_decoration_none secondary_font_color_hv\">Carte VISA pr\u00e9pay\u00e9e<\/a>\n                            <\/h5>\n                                                                            <p>Une carte pr\u00e9pay\u00e9e est une carte pr\u00e9-cr\u00e9dit\u00e9e qui permet de retirer des esp\u00e8ces et de payer des achats, dans la limite du montant disponible.<\/p>\n                                                                            <a class=\"read_more\"\n                               href=\"https:\/\/arianefinance.com\/ariane\/service\/carte-visa-prepayee\/\" >\n                                <span>Lire plus<\/span>\n                                <i class=\" fa fa-chevron-right stm_icon\"><\/i>\n                            <\/a>\n                                            <\/div>\n                <\/div>\n            <\/div>\n                                <div class=\"item\">\n                <div class=\"item_wr\">\n                                                            <div class=\"content\" >\n                                                                            <h5>\n                                <a href=\"https:\/\/arianefinance.com\/ariane\/service\/attestation_domiciliation_compte\/\"\n                                                                       class=\"text_decoration_none secondary_font_color_hv\">Attestation de domiciliation de compte<\/a>\n                            <\/h5>\n                                                                            <p>L&#8217;attestation de domiciliation compte parmi les documents indispensables \u00e0 la cr\u00e9ation d&#8217;une entreprise. Pour mener \u00e0 bien ses activit\u00e9s, et communiquer.<\/p>\n                                                                            <a class=\"read_more\"\n                               href=\"https:\/\/arianefinance.com\/ariane\/service\/attestation_domiciliation_compte\/\" >\n                                <span>Lire plus<\/span>\n                                <i class=\" fa fa-chevron-right stm_icon\"><\/i>\n                            <\/a>\n                                            <\/div>\n                <\/div>\n            <\/div>\n                                <div class=\"item\">\n                <div class=\"item_wr\">\n                                                            <div class=\"content\" >\n                                                                            <h5>\n                                <a href=\"https:\/\/arianefinance.com\/ariane\/service\/attestation_engagement\/\"\n                                                                       class=\"text_decoration_none secondary_font_color_hv\">Attestation de non engagement<\/a>\n                            <\/h5>\n                                                                            <p> L&#8217;attestation de non-engagement bancaire est un document certifiant sur l&#8217;honneur que le signataire n&#8217;a pas souscrit d&#8217;emprunt ou ne s&#8217;est pas engag\u00e9 aupr\u00e8s d&#8217;une autre banque ou d&#8217;un organisme de cr\u00e9dit.<\/p>\n                                                                            <a class=\"read_more\"\n                               href=\"https:\/\/arianefinance.com\/ariane\/service\/attestation_engagement\/\" >\n                                <span>Lire plus<\/span>\n                                <i class=\" fa fa-chevron-right stm_icon\"><\/i>\n                            <\/a>\n                                            <\/div>\n                <\/div>\n            <\/div>\n                                <div class=\"item\">\n                <div class=\"item_wr\">\n                                                            <div class=\"content\" >\n                                                                            <h5>\n                                <a href=\"https:\/\/arianefinance.com\/ariane\/service\/attestation_credit\/\"\n                                                                       class=\"text_decoration_none secondary_font_color_hv\">Attestation de fin de cr\u00e9dit<\/a>\n                            <\/h5>\n                                                                            <p>Ce document est d\u00e9livr\u00e9 par un organisme de financement pour notifier la fin du pr\u00eat. L&#8217;attestation de fin de pr\u00eat certifie que l&#8217;emprunteur a bien rembours\u00e9 la somme due. <\/p>\n                                                                            <a class=\"read_more\"\n                               href=\"https:\/\/arianefinance.com\/ariane\/service\/attestation_credit\/\" >\n                                <span>Lire plus<\/span>\n                                <i class=\" fa fa-chevron-right stm_icon\"><\/i>\n                            <\/a>\n                                            <\/div>\n                <\/div>\n            <\/div>\n            <\/div>\n\t\t<\/div>\n\t\t\t\t<\/div>\n\t\t\t\t\t\t<\/div>\n\t\t\t\t\t<\/div>\n\t\t<\/div>\n\t\t\t\t\t\t\t\t<\/div>\n\t\t\t\t\t<\/div>\n\t\t<\/section>\n\t\t\t\t\t\t\t\t\t<\/div>\n\t\t\t<\/div>\n\t\t\t\t\t<\/div>\n\t\t","protected":false},"excerpt":{"rendered":"<p>[vc_row][vc_column][stm_services posts_per_page=&#8221;12&#8243; posts_per_row=&#8221;3&#8243; img_size=&#8221;360&#215;180&#8243; style=&#8221;style_6&#8243;][\/vc_column][\/vc_row]<\/p>\n","protected":false},"author":1,"featured_media":0,"parent":0,"menu_order":0,"comment_status":"closed","ping_status":"closed","template":"","meta":{"content-type":"","footnotes":""},"class_list":["post-6266","page","type-page","status-publish","hentry"],"_links":{"self":[{"href":"https:\/\/arianefinance.com\/ariane\/wp-json\/wp\/v2\/pages\/6266","targetHints":{"allow":["GET"]}}],"collection":[{"href":"https:\/\/arianefinance.com\/ariane\/wp-json\/wp\/v2\/pages"}],"about":[{"href":"https:\/\/arianefinance.com\/ariane\/wp-json\/wp\/v2\/types\/page"}],"author":[{"embeddable":true,"href":"https:\/\/arianefinance.com\/ariane\/wp-json\/wp\/v2\/users\/1"}],"replies":[{"embeddable":true,"href":"https:\/\/arianefinance.com\/ariane\/wp-json\/wp\/v2\/comments?post=6266"}],"version-history":[{"count":1,"href":"https:\/\/arianefinance.com\/ariane\/wp-json\/wp\/v2\/pages\/6266\/revisions"}],"predecessor-version":[{"id":7179,"href":"https:\/\/arianefinance.com\/ariane\/wp-json\/wp\/v2\/pages\/6266\/revisions\/7179"}],"wp:attachment":[{"href":"https:\/\/arianefinance.com\/ariane\/wp-json\/wp\/v2\/media?parent=6266"}],"curies":[{"name":"wp","href":"https:\/\/api.w.org\/{rel}","templated":true}]}}