{"id":6238,"date":"2019-11-26T04:29:34","date_gmt":"2019-11-26T03:29:34","guid":{"rendered":"http:\/\/consulting.stylemixthemes.com\/demo\/?page_id=6238"},"modified":"2023-08-07T09:41:19","modified_gmt":"2023-08-07T07:41:19","slug":"notre-adn","status":"publish","type":"page","link":"https:\/\/arianefinance.com\/ariane\/notre-adn\/","title":{"rendered":"Notre ADN"},"content":{"rendered":"\t\t<div data-elementor-type=\"wp-page\" data-elementor-id=\"6238\" class=\"elementor elementor-6238\">\n\t\t\t\t\t\t<div class=\"elementor-inner\">\n\t\t\t\t<div class=\"elementor-section-wrap\">\n\t\t\t\t\t\t\t\t\t<section class=\"elementor-section elementor-top-section elementor-element elementor-element-8e4af69 elementor-section-boxed elementor-section-height-default elementor-section-height-default\" data-id=\"8e4af69\" data-element_type=\"section\">\n\t\t\t\t\t\t<div class=\"elementor-container elementor-column-gap-default\">\n\t\t\t\t\t\t\t<div class=\"elementor-row\">\n\t\t\t\t\t<div class=\"elementor-column elementor-col-50 elementor-top-column elementor-element elementor-element-befee6d\" data-id=\"befee6d\" data-element_type=\"column\">\n\t\t\t<div class=\"elementor-column-wrap elementor-element-populated\">\n\t\t\t\t\t\t\t<div class=\"elementor-widget-wrap\">\n\t\t\t\t\t\t<div class=\"elementor-element elementor-element-b0a4ca7 elementor-widget elementor-widget-text-editor\" data-id=\"b0a4ca7\" data-element_type=\"widget\" data-widget_type=\"text-editor.default\">\n\t\t\t\t<div class=\"elementor-widget-container\">\n\t\t\t\t\t\t\t\t<div class=\"elementor-text-editor elementor-clearfix\">\n\t\t\t\t<div class=\"page\" title=\"Page 1\">\n<div class=\"section\">\n<div class=\"layoutArea\">\n<div class=\"column\">\n<p>Bienvenue chez Ariane Finance, votre partenaire de confiance dans le domaine des microfinances.<\/p>\n<p>Notre ADN est guid\u00e9 par une vision profonde et une mission claire : offrir un acc\u00e8s \u00e9quitable aux services financiers pour tous. Chez Ariane Finance, nous croyons que chaque individu, ind\u00e9pendamment de son statut socio-\u00e9conomique, a le droit de b\u00e9n\u00e9ficier d&#8217;opportunit\u00e9s financi\u00e8res et de r\u00e9aliser ses r\u00eaves.<\/p>\n<\/div>\n<\/div>\n<\/div>\n<\/div>\n\t\t\t\t\t<\/div>\n\t\t\t\t\t\t<\/div>\n\t\t\t\t<\/div>\n\t\t\t\t<div class=\"elementor-element elementor-element-ff4d8af elementor-widget elementor-widget-text-editor\" data-id=\"ff4d8af\" data-element_type=\"widget\" data-widget_type=\"text-editor.default\">\n\t\t\t\t<div class=\"elementor-widget-container\">\n\t\t\t\t\t\t\t\t<div class=\"elementor-text-editor elementor-clearfix\">\n\t\t\t\t\t\t\t\t\t<\/div>\n\t\t\t\t\t\t<\/div>\n\t\t\t\t<\/div>\n\t\t\t\t<div class=\"elementor-element elementor-element-f5509a2 elementor-widget elementor-widget-stm_spacing\" data-id=\"f5509a2\" data-element_type=\"widget\" data-widget_type=\"stm_spacing.default\">\n\t\t\t\t<div class=\"elementor-widget-container\">\n\t\t\t<div class=\"stm-spacing\" id=\"stm-spacing-69fb30cbd48f6\"><\/div>\n<script>\n    (function($){\n        \"use strict\";\n        var spacingID = 'stm-spacing-69fb30cbd48f6',\n            lgSpacing = '0',\n            mdSpacing = '0',\n            smSpacing = '40',\n            xsSpacing = '40';\n\n        function stmSpacing() {\n            if ( window.matchMedia(\"(min-width: 1200px)\").matches && lgSpacing ) {\n                $( '#' + spacingID ).css ( \"height\", lgSpacing );\n            } else if ( window.matchMedia(\"(max-width: 1199px) and (min-width: 992px )\").matches && mdSpacing ) {\n                $( '#' + spacingID ).css ( \"height\", mdSpacing );\n            } else if ( window.matchMedia(\"(max-width: 991px) and (min-width: 768px )\").matches && smSpacing ) {\n                $( '#' + spacingID ).css ( \"height\", smSpacing );\n            } else if ( window.matchMedia(\"(max-width: 767px)\").matches && xsSpacing ) {\n                $( '#' + spacingID ).css ( \"height\", xsSpacing );\n            } else {\n                $( '#' + spacingID ).css ( \"height\", \"\" );\n            }\n        }\n\n        $(document).ready(function() {\n            stmSpacing();\n        });\n\n        $(window).resize(function() {\n            stmSpacing();\n        });\n\n    })(jQuery);\n<\/script>\t\t<\/div>\n\t\t\t\t<\/div>\n\t\t\t\t\t\t<\/div>\n\t\t\t\t\t<\/div>\n\t\t<\/div>\n\t\t\t\t<div class=\"elementor-column elementor-col-50 elementor-top-column elementor-element elementor-element-725899f\" data-id=\"725899f\" data-element_type=\"column\">\n\t\t\t<div class=\"elementor-column-wrap elementor-element-populated\">\n\t\t\t\t\t\t\t<div class=\"elementor-widget-wrap\">\n\t\t\t\t\t\t<div class=\"elementor-element elementor-element-5fae460 elementor-widget elementor-widget-image\" data-id=\"5fae460\" data-element_type=\"widget\" data-widget_type=\"image.default\">\n\t\t\t\t<div class=\"elementor-widget-container\">\n\t\t\t\t\t\t\t\t<div class=\"elementor-image\">\n\t\t\t\t\t\t\t\t\t\t\t\t<img loading=\"lazy\" decoding=\"async\" width=\"1024\" height=\"683\" src=\"https:\/\/arianefinance.com\/ariane\/wp-content\/uploads\/2022\/10\/father-and-his-daughter-having-fun-and-spending-good-time-together-while-walking-outdoors-on-the-street-1024x683.jpg\" class=\"attachment-large size-large\" alt=\"\" srcset=\"https:\/\/arianefinance.com\/ariane\/wp-content\/uploads\/2022\/10\/father-and-his-daughter-having-fun-and-spending-good-time-together-while-walking-outdoors-on-the-street-1024x683.jpg 1024w, https:\/\/arianefinance.com\/ariane\/wp-content\/uploads\/2022\/10\/father-and-his-daughter-having-fun-and-spending-good-time-together-while-walking-outdoors-on-the-street-300x200.jpg 300w, https:\/\/arianefinance.com\/ariane\/wp-content\/uploads\/2022\/10\/father-and-his-daughter-having-fun-and-spending-good-time-together-while-walking-outdoors-on-the-street-768x512.jpg 768w, https:\/\/arianefinance.com\/ariane\/wp-content\/uploads\/2022\/10\/father-and-his-daughter-having-fun-and-spending-good-time-together-while-walking-outdoors-on-the-street-1536x1025.jpg 1536w, https:\/\/arianefinance.com\/ariane\/wp-content\/uploads\/2022\/10\/father-and-his-daughter-having-fun-and-spending-good-time-together-while-walking-outdoors-on-the-street-2048x1366.jpg 2048w, https:\/\/arianefinance.com\/ariane\/wp-content\/uploads\/2022\/10\/father-and-his-daughter-having-fun-and-spending-good-time-together-while-walking-outdoors-on-the-street-900x600.jpg 900w, https:\/\/arianefinance.com\/ariane\/wp-content\/uploads\/2022\/10\/father-and-his-daughter-having-fun-and-spending-good-time-together-while-walking-outdoors-on-the-street-600x400.jpg 600w\" sizes=\"auto, (max-width: 1024px) 100vw, 1024px\" \/>\t\t\t\t\t\t\t\t\t\t\t\t\t\t<\/div>\n\t\t\t\t\t\t<\/div>\n\t\t\t\t<\/div>\n\t\t\t\t\t\t<\/div>\n\t\t\t\t\t<\/div>\n\t\t<\/div>\n\t\t\t\t\t\t\t\t<\/div>\n\t\t\t\t\t<\/div>\n\t\t<\/section>\n\t\t\t\t<section class=\"elementor-section elementor-top-section elementor-element elementor-element-7abea21 elementor-section-boxed elementor-section-height-default elementor-section-height-default\" data-id=\"7abea21\" data-element_type=\"section\">\n\t\t\t\t\t\t<div class=\"elementor-container elementor-column-gap-default\">\n\t\t\t\t\t\t\t<div class=\"elementor-row\">\n\t\t\t\t\t<div class=\"elementor-column elementor-col-100 elementor-top-column elementor-element elementor-element-6516c98\" data-id=\"6516c98\" data-element_type=\"column\">\n\t\t\t<div class=\"elementor-column-wrap elementor-element-populated\">\n\t\t\t\t\t\t\t<div class=\"elementor-widget-wrap\">\n\t\t\t\t\t\t<div class=\"elementor-element elementor-element-b509e9d elementor-widget elementor-widget-stm_spacing\" data-id=\"b509e9d\" data-element_type=\"widget\" data-widget_type=\"stm_spacing.default\">\n\t\t\t\t<div class=\"elementor-widget-container\">\n\t\t\t<div class=\"stm-spacing\" id=\"stm-spacing-69fb30cbdb278\"><\/div>\n<script>\n    (function($){\n        \"use strict\";\n        var spacingID = 'stm-spacing-69fb30cbdb278',\n            lgSpacing = '65',\n            mdSpacing = '60',\n            smSpacing = '50',\n            xsSpacing = '30';\n\n        function stmSpacing() {\n            if ( window.matchMedia(\"(min-width: 1200px)\").matches && lgSpacing ) {\n                $( '#' + spacingID ).css ( \"height\", lgSpacing );\n            } else if ( window.matchMedia(\"(max-width: 1199px) and (min-width: 992px )\").matches && mdSpacing ) {\n                $( '#' + spacingID ).css ( \"height\", mdSpacing );\n            } else if ( window.matchMedia(\"(max-width: 991px) and (min-width: 768px )\").matches && smSpacing ) {\n                $( '#' + spacingID ).css ( \"height\", smSpacing );\n            } else if ( window.matchMedia(\"(max-width: 767px)\").matches && xsSpacing ) {\n                $( '#' + spacingID ).css ( \"height\", xsSpacing );\n            } else {\n                $( '#' + spacingID ).css ( \"height\", \"\" );\n            }\n        }\n\n        $(document).ready(function() {\n            stmSpacing();\n        });\n\n        $(window).resize(function() {\n            stmSpacing();\n        });\n\n    })(jQuery);\n<\/script>\t\t<\/div>\n\t\t\t\t<\/div>\n\t\t\t\t<div class=\"elementor-element elementor-element-c0f3bce elementor-widget elementor-widget-vc_custom_heading\" data-id=\"c0f3bce\" data-element_type=\"widget\" data-widget_type=\"vc_custom_heading.default\">\n\t\t\t\t<div class=\"elementor-widget-container\">\n\t\t\t<div class=\" vc_custom_heading  consulting_heading_font  text_align_center\" ><h2 style=\"text-align: center;font-weight:700\" class=\"consulting-custom-title\">Notre mission\n<\/h2><\/div>\t\t<\/div>\n\t\t\t\t<\/div>\n\t\t\t\t\t\t<\/div>\n\t\t\t\t\t<\/div>\n\t\t<\/div>\n\t\t\t\t\t\t\t\t<\/div>\n\t\t\t\t\t<\/div>\n\t\t<\/section>\n\t\t\t\t<section class=\"elementor-section elementor-top-section elementor-element elementor-element-c0f1794 elementor-section-boxed elementor-section-height-default elementor-section-height-default\" data-id=\"c0f1794\" data-element_type=\"section\">\n\t\t\t\t\t\t<div class=\"elementor-container elementor-column-gap-default\">\n\t\t\t\t\t\t\t<div class=\"elementor-row\">\n\t\t\t\t\t<div class=\"elementor-column elementor-col-33 elementor-top-column elementor-element elementor-element-c0f1be7\" data-id=\"c0f1be7\" data-element_type=\"column\">\n\t\t\t<div class=\"elementor-column-wrap elementor-element-populated\">\n\t\t\t\t\t\t\t<div class=\"elementor-widget-wrap\">\n\t\t\t\t\t\t<div class=\"elementor-element elementor-element-c0f1fe0 elementor-widget elementor-widget-image\" data-id=\"c0f1fe0\" data-element_type=\"widget\" data-widget_type=\"image.default\">\n\t\t\t\t<div class=\"elementor-widget-container\">\n\t\t\t\t\t\t\t\t<div class=\"elementor-image\">\n\t\t\t\t\t\t\t\t\t\t\t\t<img loading=\"lazy\" decoding=\"async\" width=\"1024\" height=\"683\" src=\"https:\/\/arianefinance.com\/ariane\/wp-content\/uploads\/2022\/10\/black-businessman-happy-expression-1024x683.jpg\" class=\"attachment-large size-large\" alt=\"\" srcset=\"https:\/\/arianefinance.com\/ariane\/wp-content\/uploads\/2022\/10\/black-businessman-happy-expression-1024x683.jpg 1024w, https:\/\/arianefinance.com\/ariane\/wp-content\/uploads\/2022\/10\/black-businessman-happy-expression-300x200.jpg 300w, https:\/\/arianefinance.com\/ariane\/wp-content\/uploads\/2022\/10\/black-businessman-happy-expression-768x512.jpg 768w, https:\/\/arianefinance.com\/ariane\/wp-content\/uploads\/2022\/10\/black-businessman-happy-expression-1536x1024.jpg 1536w, https:\/\/arianefinance.com\/ariane\/wp-content\/uploads\/2022\/10\/black-businessman-happy-expression-2048x1365.jpg 2048w, https:\/\/arianefinance.com\/ariane\/wp-content\/uploads\/2022\/10\/black-businessman-happy-expression-900x600.jpg 900w, https:\/\/arianefinance.com\/ariane\/wp-content\/uploads\/2022\/10\/black-businessman-happy-expression-600x400.jpg 600w\" sizes=\"auto, (max-width: 1024px) 100vw, 1024px\" \/>\t\t\t\t\t\t\t\t\t\t\t\t\t\t<\/div>\n\t\t\t\t\t\t<\/div>\n\t\t\t\t<\/div>\n\t\t\t\t<div class=\"elementor-element elementor-element-c0f27be elementor-widget elementor-widget-stm_spacing\" data-id=\"c0f27be\" data-element_type=\"widget\" data-widget_type=\"stm_spacing.default\">\n\t\t\t\t<div class=\"elementor-widget-container\">\n\t\t\t<div class=\"stm-spacing\" id=\"stm-spacing-69fb30cbdf71a\"><\/div>\n<script>\n    (function($){\n        \"use strict\";\n        var spacingID = 'stm-spacing-69fb30cbdf71a',\n            lgSpacing = '',\n            mdSpacing = '',\n            smSpacing = '',\n            xsSpacing = '';\n\n        function stmSpacing() {\n            if ( window.matchMedia(\"(min-width: 1200px)\").matches && lgSpacing ) {\n                $( '#' + spacingID ).css ( \"height\", lgSpacing );\n            } else if ( window.matchMedia(\"(max-width: 1199px) and (min-width: 992px )\").matches && mdSpacing ) {\n                $( '#' + spacingID ).css ( \"height\", mdSpacing );\n            } else if ( window.matchMedia(\"(max-width: 991px) and (min-width: 768px )\").matches && smSpacing ) {\n                $( '#' + spacingID ).css ( \"height\", smSpacing );\n            } else if ( window.matchMedia(\"(max-width: 767px)\").matches && xsSpacing ) {\n                $( '#' + spacingID ).css ( \"height\", xsSpacing );\n            } else {\n                $( '#' + spacingID ).css ( \"height\", \"\" );\n            }\n        }\n\n        $(document).ready(function() {\n            stmSpacing();\n        });\n\n        $(window).resize(function() {\n            stmSpacing();\n        });\n\n    })(jQuery);\n<\/script>\t\t<\/div>\n\t\t\t\t<\/div>\n\t\t\t\t\t\t<\/div>\n\t\t\t\t\t<\/div>\n\t\t<\/div>\n\t\t\t\t<div class=\"elementor-column elementor-col-66 elementor-top-column elementor-element elementor-element-c0f2873\" data-id=\"c0f2873\" data-element_type=\"column\">\n\t\t\t<div class=\"elementor-column-wrap elementor-element-populated\">\n\t\t\t\t\t\t\t<div class=\"elementor-widget-wrap\">\n\t\t\t\t\t\t<div class=\"elementor-element elementor-element-c0f2c0b elementor-widget elementor-widget-text-editor\" data-id=\"c0f2c0b\" data-element_type=\"widget\" data-widget_type=\"text-editor.default\">\n\t\t\t\t<div class=\"elementor-widget-container\">\n\t\t\t\t\t\t\t\t<div class=\"elementor-text-editor elementor-clearfix\">\n\t\t\t\t<p>Chez Ariane Finance, notre mission est de briser les barri\u00e8res financi\u00e8res et d&#8217;autonomiser les individus en leur offrant des solutions de microfinances adapt\u00e9es \u00e0 leurs besoins uniques. Nous voulons faciliter l&#8217;acc\u00e8s au cr\u00e9dit, \u00e0 l&#8217;\u00e9pargne et \u00e0 l&#8217;assurance pour les personnes \u00e0 faible revenu, les petites entreprises et les entrepreneurs en herbe. En comblant le foss\u00e9 entre les opportunit\u00e9s financi\u00e8res et ceux qui en ont besoin, nous aspirons \u00e0 cr\u00e9er un impact durable sur les communaut\u00e9s que nous servons.<\/p>\n<p>\u00a0<\/p>\n\t\t\t\t\t<\/div>\n\t\t\t\t\t\t<\/div>\n\t\t\t\t<\/div>\n\t\t\t\t\t\t<\/div>\n\t\t\t\t\t<\/div>\n\t\t<\/div>\n\t\t\t\t\t\t\t\t<\/div>\n\t\t\t\t\t<\/div>\n\t\t<\/section>\n\t\t\t\t<section class=\"elementor-section elementor-top-section elementor-element elementor-element-0e5914e elementor-section-boxed elementor-section-height-default elementor-section-height-default\" data-id=\"0e5914e\" data-element_type=\"section\">\n\t\t\t\t\t\t<div class=\"elementor-container elementor-column-gap-default\">\n\t\t\t\t\t\t\t<div class=\"elementor-row\">\n\t\t\t\t\t<div class=\"elementor-column elementor-col-33 elementor-top-column elementor-element elementor-element-3636dd6\" data-id=\"3636dd6\" data-element_type=\"column\">\n\t\t\t<div class=\"elementor-column-wrap elementor-element-populated\">\n\t\t\t\t\t\t\t<div class=\"elementor-widget-wrap\">\n\t\t\t\t\t\t<div class=\"elementor-element elementor-element-ae66356 elementor-widget elementor-widget-text-editor\" data-id=\"ae66356\" data-element_type=\"widget\" data-widget_type=\"text-editor.default\">\n\t\t\t\t<div class=\"elementor-widget-container\">\n\t\t\t\t\t\t\t\t<div class=\"elementor-text-editor elementor-clearfix\">\n\t\t\t\t<div class=\"page\" title=\"Page 1\">\n<div class=\"section\">\n<div class=\"layoutArea\">\n<div class=\"column\">\n<p><strong>VISION<\/strong><\/p>\n<p>La vision de ARIANE FINANCE S.A est de rester une institution de microfinance responsable, rayonnante et financie\u0300rement pe\u0301renne qui participe au de\u0301veloppement du pays en favorisant l&#8217;inclusion financie\u0300re des plus de\u0301munis.<\/p>\n<\/div>\n<\/div>\n<\/div>\n<\/div>\n\t\t\t\t\t<\/div>\n\t\t\t\t\t\t<\/div>\n\t\t\t\t<\/div>\n\t\t\t\t\t\t<\/div>\n\t\t\t\t\t<\/div>\n\t\t<\/div>\n\t\t\t\t<div class=\"elementor-column elementor-col-33 elementor-top-column elementor-element elementor-element-4b72470\" data-id=\"4b72470\" data-element_type=\"column\">\n\t\t\t<div class=\"elementor-column-wrap elementor-element-populated\">\n\t\t\t\t\t\t\t<div class=\"elementor-widget-wrap\">\n\t\t\t\t\t\t<div class=\"elementor-element elementor-element-3c855cd elementor-widget elementor-widget-text-editor\" data-id=\"3c855cd\" data-element_type=\"widget\" data-widget_type=\"text-editor.default\">\n\t\t\t\t<div class=\"elementor-widget-container\">\n\t\t\t\t\t\t\t\t<div class=\"elementor-text-editor elementor-clearfix\">\n\t\t\t\t<div class=\"page\" title=\"Page 2\">\n<div class=\"section\">\n<div class=\"layoutArea\">\n<div class=\"column\">\n<p><strong>VALEUR<\/strong><\/p>\n<p>Ariane Finance met en avant des valeurs d&#8217;\u00e9tique professionnelles au sein de son personnel et vis-\u00e0-vis de sa client\u00e8le en consid\u00e9rant au m\u00eame niveau toutes les personnes sollicitant des cr\u00e9dits quelque soit leur hauteur.\u00a0<\/p>\n<\/div>\n<\/div>\n<\/div>\n<\/div>\n\t\t\t\t\t<\/div>\n\t\t\t\t\t\t<\/div>\n\t\t\t\t<\/div>\n\t\t\t\t\t\t<\/div>\n\t\t\t\t\t<\/div>\n\t\t<\/div>\n\t\t\t\t<div class=\"elementor-column elementor-col-33 elementor-top-column elementor-element elementor-element-08e471a\" data-id=\"08e471a\" data-element_type=\"column\">\n\t\t\t<div class=\"elementor-column-wrap elementor-element-populated\">\n\t\t\t\t\t\t\t<div class=\"elementor-widget-wrap\">\n\t\t\t\t\t\t<div class=\"elementor-element elementor-element-ea4cdc1 elementor-widget elementor-widget-text-editor\" data-id=\"ea4cdc1\" data-element_type=\"widget\" data-widget_type=\"text-editor.default\">\n\t\t\t\t<div class=\"elementor-widget-container\">\n\t\t\t\t\t\t\t\t<div class=\"elementor-text-editor elementor-clearfix\">\n\t\t\t\t<div class=\"page\" title=\"Page 2\">\n<div class=\"section\">\n<div class=\"layoutArea\">\n<div class=\"column\">\n<p><strong>PASSION<\/strong><\/p>\n<p>&nbsp;La passion se de\u0301montre dans notre dynamisme et notre esprit entrepreneurial dans l&#8217;ensemble de nos pratiques quotidiennes. Nous mettons un point d&#8217;honneur sur le travail que nous r\u00e9alisons pour nos diff\u00e9rents clients.&nbsp;<\/p>\n<\/div>\n<\/div>\n<\/div>\n<\/div>\n\t\t\t\t\t<\/div>\n\t\t\t\t\t\t<\/div>\n\t\t\t\t<\/div>\n\t\t\t\t\t\t<\/div>\n\t\t\t\t\t<\/div>\n\t\t<\/div>\n\t\t\t\t\t\t\t\t<\/div>\n\t\t\t\t\t<\/div>\n\t\t<\/section>\n\t\t\t\t\t\t\t\t\t<\/div>\n\t\t\t<\/div>\n\t\t\t\t\t<\/div>\n\t\t","protected":false},"excerpt":{"rendered":"<p>Bienvenue chez Ariane Finance, votre partenaire de confiance dans le domaine des microfinances. Notre ADN est guid\u00e9 par une vision profonde et une mission claire : offrir un acc\u00e8s \u00e9quitable aux services financiers pour tous. Chez Ariane Finance, nous croyons que chaque individu, ind\u00e9pendamment de son statut socio-\u00e9conomique, a le droit de b\u00e9n\u00e9ficier d&#8217;opportunit\u00e9s financi\u00e8res<\/p>\n","protected":false},"author":1,"featured_media":0,"parent":0,"menu_order":0,"comment_status":"closed","ping_status":"closed","template":"","meta":{"content-type":"","footnotes":""},"class_list":["post-6238","page","type-page","status-publish","hentry"],"_links":{"self":[{"href":"https:\/\/arianefinance.com\/ariane\/wp-json\/wp\/v2\/pages\/6238","targetHints":{"allow":["GET"]}}],"collection":[{"href":"https:\/\/arianefinance.com\/ariane\/wp-json\/wp\/v2\/pages"}],"about":[{"href":"https:\/\/arianefinance.com\/ariane\/wp-json\/wp\/v2\/types\/page"}],"author":[{"embeddable":true,"href":"https:\/\/arianefinance.com\/ariane\/wp-json\/wp\/v2\/users\/1"}],"replies":[{"embeddable":true,"href":"https:\/\/arianefinance.com\/ariane\/wp-json\/wp\/v2\/comments?post=6238"}],"version-history":[{"count":74,"href":"https:\/\/arianefinance.com\/ariane\/wp-json\/wp\/v2\/pages\/6238\/revisions"}],"predecessor-version":[{"id":8489,"href":"https:\/\/arianefinance.com\/ariane\/wp-json\/wp\/v2\/pages\/6238\/revisions\/8489"}],"wp:attachment":[{"href":"https:\/\/arianefinance.com\/ariane\/wp-json\/wp\/v2\/media?parent=6238"}],"curies":[{"name":"wp","href":"https:\/\/api.w.org\/{rel}","templated":true}]}}