{"id":614,"date":"2016-01-19T12:44:15","date_gmt":"2016-01-19T12:44:15","guid":{"rendered":"http:\/\/consulting.stylemixthemes.com\/?page_id=614"},"modified":"2022-10-07T10:23:48","modified_gmt":"2022-10-07T08:23:48","slug":"nos-produits","status":"publish","type":"page","link":"https:\/\/arianefinance.com\/ariane\/nos-produits\/","title":{"rendered":"Nos produits"},"content":{"rendered":"\t\t<div data-elementor-type=\"wp-page\" data-elementor-id=\"614\" class=\"elementor elementor-614\">\n\t\t\t\t\t\t<div class=\"elementor-inner\">\n\t\t\t\t<div class=\"elementor-section-wrap\">\n\t\t\t\t\t\t\t\t\t<section class=\"elementor-section elementor-top-section elementor-element elementor-element-3ae2983 elementor-section-boxed elementor-section-height-default elementor-section-height-default\" data-id=\"3ae2983\" data-element_type=\"section\" data-settings=\"{&quot;background_background&quot;:&quot;classic&quot;}\">\n\t\t\t\t\t\t<div class=\"elementor-container elementor-column-gap-default\">\n\t\t\t\t\t\t\t<div class=\"elementor-row\">\n\t\t\t\t\t<div class=\"elementor-column elementor-col-100 elementor-top-column elementor-element elementor-element-3ae2e79\" data-id=\"3ae2e79\" data-element_type=\"column\">\n\t\t\t<div class=\"elementor-column-wrap elementor-element-populated\">\n\t\t\t\t\t\t\t<div class=\"elementor-widget-wrap\">\n\t\t\t\t\t\t<div class=\"elementor-element elementor-element-3ae3243 elementor-widget elementor-widget-stm_works\" data-id=\"3ae3243\" data-element_type=\"widget\" data-widget_type=\"stm_works.default\">\n\t\t\t\t<div class=\"elementor-widget-container\">\n\t\t\t\n    <div id=\"stm_works_69fb318fdd7aa\" class=\"stm_works_wr consulting_elementor_works cols_3 grid_with_filter style_1\">\n                    <ul class=\"works_filter\">\n                <li class=\"active\"><a href=\"#all\">Tout<\/a><\/li>\n                                    <li>\n                        <a href=\"#entreprises\">Entreprises<\/a>\n                    <\/li>\n                                    <li>\n                        <a href=\"#institutionnels\">Institutionnels<\/a>\n                    <\/li>\n                                    <li>\n                        <a href=\"#particuliers\">Particuliers<\/a>\n                    <\/li>\n                            <\/ul>\n            <div class=\"stm_works\">\n                                                        <div class=\"item all entreprises institutionnels particuliers\">\n\n                        <div class=\"image\">\n                                                        <a href=\"https:\/\/arianefinance.com\/ariane\/works\/ariane-elite-2-3-2-2\/\">Array<\/a>\n                        <\/div>\n                        <div class=\"info\">\n                                                            <div class=\"category\">\n                                    <a href=\"#entreprises\">\n                                        <span>Entreprises<\/span>\n                                        <i class=\"fa fa-chevron-right\"><\/i>\n                                    <\/a>\n                                <\/div>\n                                                        <div class=\"title\"><a\n                                        href=\"https:\/\/arianefinance.com\/ariane\/works\/ariane-elite-2-3-2-2\/\">Compte courant classique<\/a>\n                            <\/div>\n                        <\/div>\n\n\n                    <\/div>\n                                                        <div class=\"item all entreprises institutionnels\">\n\n                        <div class=\"image\">\n                                                        <a href=\"https:\/\/arianefinance.com\/ariane\/works\/ariane-elite-2-3-2\/\">Array<\/a>\n                        <\/div>\n                        <div class=\"info\">\n                                                            <div class=\"category\">\n                                    <a href=\"#entreprises\">\n                                        <span>Entreprises<\/span>\n                                        <i class=\"fa fa-chevron-right\"><\/i>\n                                    <\/a>\n                                <\/div>\n                                                        <div class=\"title\"><a\n                                        href=\"https:\/\/arianefinance.com\/ariane\/works\/ariane-elite-2-3-2\/\">Compte courant salari\u00e9<\/a>\n                            <\/div>\n                        <\/div>\n\n\n                    <\/div>\n                                                        <div class=\"item all institutionnels\">\n\n                        <div class=\"image\">\n                                                        <a href=\"https:\/\/arianefinance.com\/ariane\/works\/ariane-elite-6\/\">Array<\/a>\n                        <\/div>\n                        <div class=\"info\">\n                                                            <div class=\"category\">\n                                    <a href=\"#institutionnels\">\n                                        <span>Institutionnels<\/span>\n                                        <i class=\"fa fa-chevron-right\"><\/i>\n                                    <\/a>\n                                <\/div>\n                                                        <div class=\"title\"><a\n                                        href=\"https:\/\/arianefinance.com\/ariane\/works\/ariane-elite-6\/\">Compte courant TPE et commer\u00e7ant<\/a>\n                            <\/div>\n                        <\/div>\n\n\n                    <\/div>\n                                                        <div class=\"item all entreprises institutionnels\">\n\n                        <div class=\"image\">\n                                                        <a href=\"https:\/\/arianefinance.com\/ariane\/works\/ariane-elite-5\/\">Array<\/a>\n                        <\/div>\n                        <div class=\"info\">\n                                                            <div class=\"category\">\n                                    <a href=\"#entreprises\">\n                                        <span>Entreprises<\/span>\n                                        <i class=\"fa fa-chevron-right\"><\/i>\n                                    <\/a>\n                                <\/div>\n                                                        <div class=\"title\"><a\n                                        href=\"https:\/\/arianefinance.com\/ariane\/works\/ariane-elite-5\/\">Compte courant d&#8217;entreprise<\/a>\n                            <\/div>\n                        <\/div>\n\n\n                    <\/div>\n                                                        <div class=\"item all particuliers\">\n\n                        <div class=\"image\">\n                                                        <a href=\"https:\/\/arianefinance.com\/ariane\/works\/ariane-elite-4\/\">Array<\/a>\n                        <\/div>\n                        <div class=\"info\">\n                                                            <div class=\"category\">\n                                    <a href=\"#particuliers\">\n                                        <span>Particuliers<\/span>\n                                        <i class=\"fa fa-chevron-right\"><\/i>\n                                    <\/a>\n                                <\/div>\n                                                        <div class=\"title\"><a\n                                        href=\"https:\/\/arianefinance.com\/ariane\/works\/ariane-elite-4\/\">Compte courant association<\/a>\n                            <\/div>\n                        <\/div>\n\n\n                    <\/div>\n                                                        <div class=\"item all particuliers\">\n\n                        <div class=\"image\">\n                                                        <a href=\"https:\/\/arianefinance.com\/ariane\/works\/ariane-elite-2-3\/\">Array<\/a>\n                        <\/div>\n                        <div class=\"info\">\n                                                            <div class=\"category\">\n                                    <a href=\"#particuliers\">\n                                        <span>Particuliers<\/span>\n                                        <i class=\"fa fa-chevron-right\"><\/i>\n                                    <\/a>\n                                <\/div>\n                                                        <div class=\"title\"><a\n                                        href=\"https:\/\/arianefinance.com\/ariane\/works\/ariane-elite-2-3\/\">Compte \u00e9pargne mineur Avenir<\/a>\n                            <\/div>\n                        <\/div>\n\n\n                    <\/div>\n                                                        <div class=\"item all particuliers\">\n\n                        <div class=\"image\">\n                                                        <a href=\"https:\/\/arianefinance.com\/ariane\/works\/ariane-elite-3\/\">Array<\/a>\n                        <\/div>\n                        <div class=\"info\">\n                                                            <div class=\"category\">\n                                    <a href=\"#particuliers\">\n                                        <span>Particuliers<\/span>\n                                        <i class=\"fa fa-chevron-right\"><\/i>\n                                    <\/a>\n                                <\/div>\n                                                        <div class=\"title\"><a\n                                        href=\"https:\/\/arianefinance.com\/ariane\/works\/ariane-elite-3\/\">Compte \u00e9pargne classique<\/a>\n                            <\/div>\n                        <\/div>\n\n\n                    <\/div>\n                                                        <div class=\"item all particuliers\">\n\n                        <div class=\"image\">\n                                                        <a href=\"https:\/\/arianefinance.com\/ariane\/works\/ariane-elite-2\/\">Array<\/a>\n                        <\/div>\n                        <div class=\"info\">\n                                                            <div class=\"category\">\n                                    <a href=\"#particuliers\">\n                                        <span>Particuliers<\/span>\n                                        <i class=\"fa fa-chevron-right\"><\/i>\n                                    <\/a>\n                                <\/div>\n                                                        <div class=\"title\"><a\n                                        href=\"https:\/\/arianefinance.com\/ariane\/works\/ariane-elite-2\/\">Plan d&#8217;\u00e9pargne jeune<\/a>\n                            <\/div>\n                        <\/div>\n\n\n                    <\/div>\n                                                        <div class=\"item all institutionnels\">\n\n                        <div class=\"image\">\n                                                        <a href=\"https:\/\/arianefinance.com\/ariane\/works\/ariane-elite\/\">Array<\/a>\n                        <\/div>\n                        <div class=\"info\">\n                                                            <div class=\"category\">\n                                    <a href=\"#institutionnels\">\n                                        <span>Institutionnels<\/span>\n                                        <i class=\"fa fa-chevron-right\"><\/i>\n                                    <\/a>\n                                <\/div>\n                                                        <div class=\"title\"><a\n                                        href=\"https:\/\/arianefinance.com\/ariane\/works\/ariane-elite\/\">Ariane Elite<\/a>\n                            <\/div>\n                        <\/div>\n\n\n                    <\/div>\n                            <\/div>\n\n\n        \n        <script type=\"text\/javascript\">\n            jQuery(document).ready(function ($) {\n                var $container = $(\"#stm_works_69fb318fdd7aa .stm_works\");\n                var originLeft = true;\n                if ($('body').hasClass('rtl')) {\n                    originLeft = false;\n                }\n                $container.isotope({\n                    layoutMode: 'fitRows',\n                    itemSelector: '.item',\n                    transitionDuration: '0.7s',\n                    isOriginLeft: originLeft,\n                                    });\n                $container.imagesLoaded().progress(function () {\n                    $container.isotope('layout');\n                });\n                $container.isotope('layout');\n                $('#stm_works_69fb318fdd7aa .works_filter a').on('click', function () {\n                    var i = 0;\n                    if (!$(this).hasClass(\"stm_works_grid_switcher\")) {\n\n                        $(this).closest('ul').find('li.active').removeClass('active');\n                        $(this).parent().addClass('active');\n                        var sort = $(this).attr('href');\n                        sort = sort.substring(1);\n                                                $container.isotope({\n                            filter: '.' + sort\n                        });\n                                                return false;\n                    }\n                });\n                $(document).on('click', '.stm_works_grid_switcher', function () {\n                    $(this).toggleClass('active');\n                    var $container_wrapper = $(this).closest('.stm_works_wr');\n                    if ($('body').hasClass('boxed_layout')) {\n                        $container_wrapper.toggleClass('wide');\n                    } else {\n                        $container_wrapper.toggleClass('wide container');\n                    }\n                    \/\/$container_wrapper.find('.stm_works_grid_switcher').closest('.works_filter').toggleClass('container');\n                    $container.isotope('layout');\n                    $container.closest('.stm_works').animate({'height': $container.height() + $('#stm_works_stm_works_69fb318fdd7aa .stm_works').height()}, 300);\n                    return false;\n                });\n                $('#stm_works_69fb318fdd7aa .item .category a').on('click', function () {\n                    if (!$(this).hasClass(\"stm_works_grid_switcher\")) {\n                        var sort = $(this).attr('href');\n                        sort = sort.substring(1);\n                        $('#stm_works_69fb318fdd7aa .works_filter li.active').removeClass('active');\n                        $('#stm_works_69fb318fdd7aa .works_filter li a[href=\"#' + sort + '\"]').closest('li').addClass('active');\n                        $container.isotope({\n                            filter: '.' + sort\n                        });\n                        return false;\n                    }\n                });\n            });\n        <\/script>\n            <\/div>\n\n\n\t\t<\/div>\n\t\t\t\t<\/div>\n\t\t\t\t\t\t<\/div>\n\t\t\t\t\t<\/div>\n\t\t<\/div>\n\t\t\t\t\t\t\t\t<\/div>\n\t\t\t\t\t<\/div>\n\t\t<\/section>\n\t\t\t\t<section class=\"elementor-section elementor-top-section elementor-element elementor-element-3ae32ff third_bg_color elementor-section-boxed elementor-section-height-default elementor-section-height-default\" data-id=\"3ae32ff\" data-element_type=\"section\" data-settings=\"{&quot;background_background&quot;:&quot;classic&quot;}\">\n\t\t\t\t\t\t<div class=\"elementor-container elementor-column-gap-default\">\n\t\t\t\t\t\t\t<div class=\"elementor-row\">\n\t\t\t\t\t<div class=\"elementor-column elementor-col-100 elementor-top-column elementor-element elementor-element-3ae3718\" data-id=\"3ae3718\" data-element_type=\"column\">\n\t\t\t<div class=\"elementor-column-wrap elementor-element-populated\">\n\t\t\t\t\t\t\t<div class=\"elementor-widget-wrap\">\n\t\t\t\t\t\t<div class=\"elementor-element elementor-element-3ae3a6b elementor-widget elementor-widget-vc_cta\" data-id=\"3ae3a6b\" data-element_type=\"widget\" data-widget_type=\"vc_cta.default\">\n\t\t\t\t<div class=\"elementor-widget-container\">\n\t\t\t\n<div class=\"ce_cta ce_cta_8f526d5bd75682e6351110859ef5d96a ce_text_left third_bg_color add_button_right btn_align_right btn_button_block_ btn_has_icon btn_has_icon_on_the_right\" id=\"\">\n\n    <div class=\"ce_cta__content\">\n        <div class=\"ce_cta__content__header\">\n            <h2  class='ce_cta__content__title '>Souhaitez-vous b\u00e9n\u00e9ficier de nos services ? <\/h2>                    <\/div>\n\n        \n    <\/div>\n\n    \n        <div class=\"ce_cta__action\">\n            <a href=\"https:\/\/arianefinance.com\/ariane\/services\/\"\n                              target=\"_self\"\n               class=\"button \">\n                <span>consulter <\/span>\n                                    <i class=\"fa fa-chevron-right\"><\/i>\n                            <\/a>\n        <\/div>\n\n    \n<\/div>\n\t\t<\/div>\n\t\t\t\t<\/div>\n\t\t\t\t\t\t<\/div>\n\t\t\t\t\t<\/div>\n\t\t<\/div>\n\t\t\t\t\t\t\t\t<\/div>\n\t\t\t\t\t<\/div>\n\t\t<\/section>\n\t\t\t\t\t\t\t\t\t<\/div>\n\t\t\t<\/div>\n\t\t\t\t\t<\/div>\n\t\t","protected":false},"excerpt":{"rendered":"<p>Tout Entreprises Institutionnels Particuliers Array Institutionnels Ariane Pro Array Entreprises Ariane Elite Array Institutionnels Domiciliation de salaires d&#8217;institutions priv\u00e9s \/ publiques Array Avance sur salaire Array Fond de roulement Array \u00c9pargne association Array \u00c9pargne personnel Array \u00c9pargne mineur Array Suivi financier Array Carte Visa UBA Array Financement de projet Array Entreprises Audit de tr\u00e9sorerie Souhaitez-vous<\/p>\n","protected":false},"author":1,"featured_media":0,"parent":0,"menu_order":0,"comment_status":"closed","ping_status":"closed","template":"","meta":{"content-type":"","footnotes":""},"class_list":["post-614","page","type-page","status-publish","hentry"],"_links":{"self":[{"href":"https:\/\/arianefinance.com\/ariane\/wp-json\/wp\/v2\/pages\/614","targetHints":{"allow":["GET"]}}],"collection":[{"href":"https:\/\/arianefinance.com\/ariane\/wp-json\/wp\/v2\/pages"}],"about":[{"href":"https:\/\/arianefinance.com\/ariane\/wp-json\/wp\/v2\/types\/page"}],"author":[{"embeddable":true,"href":"https:\/\/arianefinance.com\/ariane\/wp-json\/wp\/v2\/users\/1"}],"replies":[{"embeddable":true,"href":"https:\/\/arianefinance.com\/ariane\/wp-json\/wp\/v2\/comments?post=614"}],"version-history":[{"count":6,"href":"https:\/\/arianefinance.com\/ariane\/wp-json\/wp\/v2\/pages\/614\/revisions"}],"predecessor-version":[{"id":7589,"href":"https:\/\/arianefinance.com\/ariane\/wp-json\/wp\/v2\/pages\/614\/revisions\/7589"}],"wp:attachment":[{"href":"https:\/\/arianefinance.com\/ariane\/wp-json\/wp\/v2\/media?parent=614"}],"curies":[{"name":"wp","href":"https:\/\/api.w.org\/{rel}","templated":true}]}}