{"id":558,"date":"2016-01-13T17:48:37","date_gmt":"2016-01-13T16:48:37","guid":{"rendered":"http:\/\/consulting.stylemixthemes.com\/?page_id=558"},"modified":"2022-10-14T18:02:52","modified_gmt":"2022-10-14T16:02:52","slug":"services-2","status":"publish","type":"page","link":"https:\/\/arianefinance.com\/ariane\/services-2\/","title":{"rendered":"Services"},"content":{"rendered":"\t\t<div data-elementor-type=\"wp-page\" data-elementor-id=\"558\" class=\"elementor elementor-558\">\n\t\t\t\t\t\t<div class=\"elementor-inner\">\n\t\t\t\t<div class=\"elementor-section-wrap\">\n\t\t\t\t\t\t\t\t\t<section class=\"elementor-section elementor-top-section elementor-element elementor-element-5bb2e4e elementor-section-boxed elementor-section-height-default elementor-section-height-default\" data-id=\"5bb2e4e\" data-element_type=\"section\" data-settings=\"{&quot;background_background&quot;:&quot;classic&quot;}\">\n\t\t\t\t\t\t<div class=\"elementor-container elementor-column-gap-default\">\n\t\t\t\t\t\t\t<div class=\"elementor-row\">\n\t\t\t\t\t<div class=\"elementor-column elementor-col-100 elementor-top-column elementor-element elementor-element-5bb3360\" data-id=\"5bb3360\" data-element_type=\"column\">\n\t\t\t<div class=\"elementor-column-wrap elementor-element-populated\">\n\t\t\t\t\t\t\t<div class=\"elementor-widget-wrap\">\n\t\t\t\t\t\t<div class=\"elementor-element elementor-element-5bb374a elementor-widget elementor-widget-stm_services\" data-id=\"5bb374a\" data-element_type=\"widget\" data-widget_type=\"stm_services.default\">\n\t\t\t\t<div class=\"elementor-widget-container\">\n\t\t\t\n\n    <div class=\"stm_services consulting_elementor_services style_1 cols_3\">\n                    <div class=\"item\">\n                <div class=\"item_wr\">\n                                                            <div class=\"content\" >\n                                                    <h5><a href=\"https:\/\/arianefinance.com\/ariane\/service\/transfert\/\"  >Transfert d&#8217;argent<\/a><\/h5>\n                                                                                                    <p>Le transfert d&#8217;argent sert \u00e0 envoyer de l&#8217;argent liquide \u00e0 l&#8217;\u00e9tranger. On parle aussi de \u00ab mandat international \u00bb.<\/p>\n                                                                            <a class=\"read_more\"\n                               href=\"https:\/\/arianefinance.com\/ariane\/service\/transfert\/\" >\n                                <span>Lire plus<\/span>\n                                <i class=\"fa fa-chevron-right\"><\/i>\n                            <\/a>\n                                            <\/div>\n                <\/div>\n            <\/div>\n                    <div class=\"item\">\n                <div class=\"item_wr\">\n                                                            <div class=\"content\" >\n                                                    <h5><a href=\"https:\/\/arianefinance.com\/ariane\/service\/change_manuel\/\"  >Change manuel<\/a><\/h5>\n                                                                                                    <p>Une op\u00e9ration de change manuel constitue l&#8217;\u00e9change imm\u00e9diat de billets ou monnaies libell\u00e9s en devises diff\u00e9rentes.<\/p>\n                                                                            <a class=\"read_more\"\n                               href=\"https:\/\/arianefinance.com\/ariane\/service\/change_manuel\/\" >\n                                <span>Lire plus<\/span>\n                                <i class=\"fa fa-chevron-right\"><\/i>\n                            <\/a>\n                                            <\/div>\n                <\/div>\n            <\/div>\n                    <div class=\"item\">\n                <div class=\"item_wr\">\n                                                            <div class=\"content\" >\n                                                    <h5><a href=\"https:\/\/arianefinance.com\/ariane\/service\/virement\/\"  >Virement CEMAC et internationaux<\/a><\/h5>\n                                                                                                    <p>un virement bancaire est une op\u00e9ration d&#8217;envoi et de r\u00e9ception d&#8217;argent entre deux comptes bancaires: soit ouverts dans la m\u00eame banque, soit dans deux banques diff\u00e9rentes.<\/p>\n                                                                            <a class=\"read_more\"\n                               href=\"https:\/\/arianefinance.com\/ariane\/service\/virement\/\" >\n                                <span>Lire plus<\/span>\n                                <i class=\"fa fa-chevron-right\"><\/i>\n                            <\/a>\n                                            <\/div>\n                <\/div>\n            <\/div>\n                    <div class=\"item\">\n                <div class=\"item_wr\">\n                                                            <div class=\"content\" >\n                                                    <h5><a href=\"https:\/\/arianefinance.com\/ariane\/service\/carte-visa-prepayee\/\"  >Carte VISA pr\u00e9pay\u00e9e<\/a><\/h5>\n                                                                                                    <p>Une carte pr\u00e9pay\u00e9e est une carte pr\u00e9-cr\u00e9dit\u00e9e qui permet de retirer des esp\u00e8ces et de payer des achats, dans la limite du montant disponible.<\/p>\n                                                                            <a class=\"read_more\"\n                               href=\"https:\/\/arianefinance.com\/ariane\/service\/carte-visa-prepayee\/\" >\n                                <span>Lire plus<\/span>\n                                <i class=\"fa fa-chevron-right\"><\/i>\n                            <\/a>\n                                            <\/div>\n                <\/div>\n            <\/div>\n                    <div class=\"item\">\n                <div class=\"item_wr\">\n                                                            <div class=\"content\" >\n                                                    <h5><a href=\"https:\/\/arianefinance.com\/ariane\/service\/attestation_domiciliation_compte\/\"  >Attestation de domiciliation de compte<\/a><\/h5>\n                                                                                                    <p>L&#8217;attestation de domiciliation compte parmi les documents indispensables \u00e0 la cr\u00e9ation d&#8217;une entreprise. Pour mener \u00e0 bien ses activit\u00e9s, et communiquer.<\/p>\n                                                                            <a class=\"read_more\"\n                               href=\"https:\/\/arianefinance.com\/ariane\/service\/attestation_domiciliation_compte\/\" >\n                                <span>Lire plus<\/span>\n                                <i class=\"fa fa-chevron-right\"><\/i>\n                            <\/a>\n                                            <\/div>\n                <\/div>\n            <\/div>\n                    <div class=\"item\">\n                <div class=\"item_wr\">\n                                                            <div class=\"content\" >\n                                                    <h5><a href=\"https:\/\/arianefinance.com\/ariane\/service\/attestation_engagement\/\"  >Attestation de non engagement<\/a><\/h5>\n                                                                                                    <p> L&#8217;attestation de non-engagement bancaire est un document certifiant sur l&#8217;honneur que le signataire n&#8217;a pas souscrit d&#8217;emprunt ou ne s&#8217;est pas engag\u00e9 aupr\u00e8s d&#8217;une autre banque ou d&#8217;un organisme de cr\u00e9dit.<\/p>\n                                                                            <a class=\"read_more\"\n                               href=\"https:\/\/arianefinance.com\/ariane\/service\/attestation_engagement\/\" >\n                                <span>Lire plus<\/span>\n                                <i class=\"fa fa-chevron-right\"><\/i>\n                            <\/a>\n                                            <\/div>\n                <\/div>\n            <\/div>\n                    <div class=\"item\">\n                <div class=\"item_wr\">\n                                                            <div class=\"content\" >\n                                                    <h5><a href=\"https:\/\/arianefinance.com\/ariane\/service\/attestation_credit\/\"  >Attestation de fin de cr\u00e9dit<\/a><\/h5>\n                                                                                                    <p>Ce document est d\u00e9livr\u00e9 par un organisme de financement pour notifier la fin du pr\u00eat. L&#8217;attestation de fin de pr\u00eat certifie que l&#8217;emprunteur a bien rembours\u00e9 la somme due. <\/p>\n                                                                            <a class=\"read_more\"\n                               href=\"https:\/\/arianefinance.com\/ariane\/service\/attestation_credit\/\" >\n                                <span>Lire plus<\/span>\n                                <i class=\"fa fa-chevron-right\"><\/i>\n                            <\/a>\n                                            <\/div>\n                <\/div>\n            <\/div>\n            <\/div>\n\t\t<\/div>\n\t\t\t\t<\/div>\n\t\t\t\t\t\t<\/div>\n\t\t\t\t\t<\/div>\n\t\t<\/div>\n\t\t\t\t<div class=\"elementor-column elementor-col-25 elementor-top-column elementor-element elementor-element-5bb37fe elementor-hidden-tablet elementor-hidden-phone\" data-id=\"5bb37fe\" data-element_type=\"column\">\n\t\t\t<div class=\"elementor-column-wrap elementor-element-populated\">\n\t\t\t\t\t\t\t<div class=\"elementor-widget-wrap\">\n\t\t\t\t\t\t<div class=\"elementor-element elementor-element-5bb3b6c elementor-widget elementor-widget-stm_sidebar\" data-id=\"5bb3b6c\" data-element_type=\"widget\" data-widget_type=\"stm_sidebar.default\">\n\t\t\t\t<div class=\"elementor-widget-container\">\n\t\t\t\n<div class=\"stm_sidebar consulting_elementor_sidebar\">\n\n            \t\t<div data-elementor-type=\"wp-post\" data-elementor-id=\"573\" class=\"elementor elementor-573\">\n\t\t\t\t\t\t<div class=\"elementor-inner\">\n\t\t\t\t<div class=\"elementor-section-wrap\">\n\t\t\t\t\t\t\t\t\t<section class=\"elementor-section elementor-top-section elementor-element elementor-element-4b4f4f3 third_bg_color elementor-section-boxed elementor-section-height-default elementor-section-height-default\" data-id=\"4b4f4f3\" data-element_type=\"section\" data-settings=\"{&quot;background_background&quot;:&quot;classic&quot;}\">\n\t\t\t\t\t\t<div class=\"elementor-container elementor-column-gap-default\">\n\t\t\t\t\t\t\t<div class=\"elementor-row\">\n\t\t\t\t\t<div class=\"elementor-column elementor-col-100 elementor-top-column elementor-element elementor-element-4b4f99f\" data-id=\"4b4f99f\" data-element_type=\"column\" data-settings=\"{&quot;background_background&quot;:&quot;classic&quot;}\">\n\t\t\t<div class=\"elementor-column-wrap elementor-element-populated\">\n\t\t\t\t\t\t\t<div class=\"elementor-widget-wrap\">\n\t\t\t\t\t\t<div class=\"elementor-element elementor-element-4b4fd6d elementor-widget elementor-widget-vc_custom_heading\" data-id=\"4b4fd6d\" data-element_type=\"widget\" data-widget_type=\"vc_custom_heading.default\">\n\t\t\t\t<div class=\"elementor-widget-container\">\n\t\t\t<div class=\" vc_custom_heading  consulting_heading_font  text_align_left\" ><div style=\"font-size: 16px;color: #002e5b;text-align: left;font-weight:700\" class=\"consulting-custom-title\">En quoi pouvons-nous vous aider ? \n<\/div><\/div>\t\t<\/div>\n\t\t\t\t<\/div>\n\t\t\t\t<div class=\"elementor-element elementor-element-4b50083 elementor-widget elementor-widget-text-editor\" data-id=\"4b50083\" data-element_type=\"widget\" data-widget_type=\"text-editor.default\">\n\t\t\t\t<div class=\"elementor-widget-container\">\n\t\t\t\t\t\t\t\t<div class=\"elementor-text-editor elementor-clearfix\">\n\t\t\t\t<p><span style=\"font-size: 13px; line-height: 22px; color: #002e5b;\">Contactez-nous \u00e0 travers nos diff\u00e9rentes coordonn\u00e9es et vous serez pris en charge par un agent d&#8217;Ariane Finance.\u00a0<\/span><\/p>\n\t\t\t\t\t<\/div>\n\t\t\t\t\t\t<\/div>\n\t\t\t\t<\/div>\n\t\t\t\t<div class=\"elementor-element elementor-element-4b502dd elementor-widget__width-auto elementor-widget elementor-widget-button\" data-id=\"4b502dd\" data-element_type=\"widget\" data-widget_type=\"button.default\">\n\t\t\t\t<div class=\"elementor-widget-container\">\n\t\t\t\t\t<div class=\"elementor-button-wrapper icon_align_left  \">\n\t\t\t<a href=\"https:\/\/arianefinance.com\/ariane\/contactez-nous\/\" class=\"elementor-button-link elementor-button elementor-size-sm\" role=\"button\">\n\t\t\t\t\t\t<span class=\"elementor-button-content-wrapper\">\n\t\t\t\t\t\t\t<span class=\"elementor-button-icon elementor-align-icon-left\">\n\t\t\t\t<i aria-hidden=\"true\" class=\"fa fa-phone-square\"><\/i>\t\t\t<\/span>\n\t\t\t\t\t\t<span class=\"elementor-button-text\">contacts<\/span>\n\t\t<\/span>\n\t\t\t\t\t<\/a>\n\t\t<\/div>\n\t\t\t\t<\/div>\n\t\t\t\t<\/div>\n\t\t\t\t\t\t<\/div>\n\t\t\t\t\t<\/div>\n\t\t<\/div>\n\t\t\t\t\t\t\t\t<\/div>\n\t\t\t\t\t<\/div>\n\t\t<\/section>\n\t\t\t\t<section class=\"elementor-section elementor-top-section elementor-element elementor-element-4b50f9b elementor-section-boxed elementor-section-height-default elementor-section-height-default\" data-id=\"4b50f9b\" data-element_type=\"section\" data-settings=\"{&quot;background_background&quot;:&quot;classic&quot;}\">\n\t\t\t\t\t\t<div class=\"elementor-container elementor-column-gap-default\">\n\t\t\t\t\t\t\t<div class=\"elementor-row\">\n\t\t\t\t\t<div class=\"elementor-column elementor-col-100 elementor-top-column elementor-element elementor-element-4b5148d\" data-id=\"4b5148d\" data-element_type=\"column\">\n\t\t\t<div class=\"elementor-column-wrap elementor-element-populated\">\n\t\t\t\t\t\t\t<div class=\"elementor-widget-wrap\">\n\t\t\t\t\t\t<div class=\"elementor-element elementor-element-4b518d2 elementor-align-left elementor-widget elementor-widget-button\" data-id=\"4b518d2\" data-element_type=\"widget\" data-widget_type=\"button.default\">\n\t\t\t\t<div class=\"elementor-widget-container\">\n\t\t\t\t\t<div class=\"elementor-button-wrapper icon_align_left  button_block\">\n\t\t\t<a href=\"https:\/\/drive.google.com\/u\/0\/uc?id=1BRh-5F9imVI5M7SN1T0cab69YBmRphxg&#038;export=download\" class=\"elementor-button-link elementor-button elementor-size-lg\" role=\"button\">\n\t\t\t\t\t\t<span class=\"elementor-button-content-wrapper\">\n\t\t\t\t\t\t\t<span class=\"elementor-button-icon elementor-align-icon-left\">\n\t\t\t\t<i aria-hidden=\"true\" class=\"fa fa-file-pdf-o\"><\/i>\t\t\t<\/span>\n\t\t\t\t\t\t<span class=\"elementor-button-text\">Pr\u00e9sentation d'Ariane Finance <\/span>\n\t\t<\/span>\n\t\t\t\t\t<\/a>\n\t\t<\/div>\n\t\t\t\t<\/div>\n\t\t\t\t<\/div>\n\t\t\t\t<div class=\"elementor-element elementor-element-4b522bb elementor-widget elementor-widget-stm_testimonials\" data-id=\"4b522bb\" data-element_type=\"widget\" data-widget_type=\"stm_testimonials.default\">\n\t\t\t\t<div class=\"elementor-widget-container\">\n\t\t\t\n\n\t\t\t<div class=\"stm_testimonials consulting_elementor_testimonials style_1\">\n\t\t\t\t\t\t\t<div class=\"item\">\n\t\t\t\t\t<div class=\"testimonial\"><p>Ariane Finance assure un excellent suivi du versement des salaires et des diff\u00e9rents flux financiers de notre structure. <\/p>\n<\/div>\n\t\t\t\t\t<div class=\"testimonial-info clearfix\">\n\t\t\t\t\t\t<div class=\"testimonial-image\"><\/div>\n\t\t\t\t\t\t<div class=\"testimonial-text\">\n\t\t\t\t\t\t\t<div class=\"name\">Jeff BOUNDAMAS<\/div>\n\t\t\t\t\t\t\t<div class=\"company\">\n\t\t\t\t\t\t\tDirecteur G\u00e9n\u00e9ral, JOBS CONSEIL\t\t\t\t\t\t\t<\/div>\n\t\t\t\t\t\t<\/div>\n\t\t\t\t\t<\/div>\n\t\t\t\t<\/div>\n\t\t\t\t\t<\/div>\n\t\n\t\t\t<\/div>\n\t\t\t\t<\/div>\n\t\t\t\t<div class=\"elementor-element elementor-element-4b52369 elementor-widget elementor-widget-wp-widget-recent-posts\" data-id=\"4b52369\" data-element_type=\"widget\" data-widget_type=\"wp-widget-recent-posts.default\">\n\t\t\t\t<div class=\"elementor-widget-container\">\n\t\t\t<aside class='widget widget_recent_entries'>\n\t\t\n\t\t<h5 class=\"widget_title\">Articles r\u00e9cents<\/h5>\n\t\t<ul>\n\t\t\t\t\t\t\t\t\t\t\t<li>\n\t\t\t\t\t<a href=\"https:\/\/arianefinance.com\/ariane\/bonjour-tout-le-monde-2-2-2\/\">ACTUALIT\u00c9 D\u2019ARIANE FINANCE SA<\/a>\n\t\t\t\t\t\t\t\t\t<\/li>\n\t\t\t\t\t\t\t\t\t\t\t<li>\n\t\t\t\t\t<a href=\"https:\/\/arianefinance.com\/ariane\/bonjour-tout-le-monde-2-2\/\">CAMPAGNE SUR LE PRODUIT JUBA EXPRESS<\/a>\n\t\t\t\t\t\t\t\t\t<\/li>\n\t\t\t\t\t\t\t\t\t\t\t<li>\n\t\t\t\t\t<a href=\"https:\/\/arianefinance.com\/ariane\/bonjour-tout-le-monde-2\/\">PRESENTATION A LA MAIRIE AVEC LES MEMBRES DE L&#8217;ASSOCIATION COMMERCANTS DE LASTOURVILLE<\/a>\n\t\t\t\t\t\t\t\t\t<\/li>\n\t\t\t\t\t\t\t\t\t\t\t<li>\n\t\t\t\t\t<a href=\"https:\/\/arianefinance.com\/ariane\/bonjour-tout-le-monde\/\">Les enjeux du microcr\u00e9dit<\/a>\n\t\t\t\t\t\t\t\t\t<\/li>\n\t\t\t\t\t<\/ul>\n\n\t\t<\/aside>\t\t<\/div>\n\t\t\t\t<\/div>\n\t\t\t\t\t\t<\/div>\n\t\t\t\t\t<\/div>\n\t\t<\/div>\n\t\t\t\t\t\t\t\t<\/div>\n\t\t\t\t\t<\/div>\n\t\t<\/section>\n\t\t\t\t\t\t\t\t\t<\/div>\n\t\t\t<\/div>\n\t\t\t\t\t<\/div>\n\t\t    \n<\/div>\t\t<\/div>\n\t\t\t\t<\/div>\n\t\t\t\t\t\t<\/div>\n\t\t\t\t\t<\/div>\n\t\t<\/div>\n\t\t\t\t\t\t\t\t<\/div>\n\t\t\t\t\t<\/div>\n\t\t<\/section>\n\t\t\t\t<section class=\"elementor-section elementor-top-section elementor-element elementor-element-5bb3c22 third_bg_color elementor-section-boxed elementor-section-height-default elementor-section-height-default\" data-id=\"5bb3c22\" data-element_type=\"section\" data-settings=\"{&quot;background_background&quot;:&quot;classic&quot;}\">\n\t\t\t\t\t\t<div class=\"elementor-container elementor-column-gap-default\">\n\t\t\t\t\t\t\t<div class=\"elementor-row\">\n\t\t\t\t\t<div class=\"elementor-column elementor-col-100 elementor-top-column elementor-element elementor-element-5bb4027\" data-id=\"5bb4027\" data-element_type=\"column\">\n\t\t\t<div class=\"elementor-column-wrap elementor-element-populated\">\n\t\t\t\t\t\t\t<div class=\"elementor-widget-wrap\">\n\t\t\t\t\t\t<div class=\"elementor-element elementor-element-5bb4366 elementor-widget elementor-widget-vc_cta\" data-id=\"5bb4366\" data-element_type=\"widget\" data-widget_type=\"vc_cta.default\">\n\t\t\t\t<div class=\"elementor-widget-container\">\n\t\t\t\n<div class=\"ce_cta ce_cta_73a4bbb6a6de090b2f84409e39ee47d2 ce_text_left third_bg_color add_button_right btn_align_right btn_button_block_ btn_has_icon btn_has_icon_on_the_right\" id=\"\">\n\n    <div class=\"ce_cta__content\">\n        <div class=\"ce_cta__content__header\">\n            <h2  class='ce_cta__content__title '>Nous vous assurons le meilleur plan d'investissement<\/h2>                    <\/div>\n\n        \n    <\/div>\n\n    \n        <div class=\"ce_cta__action\">\n            <a href=\"https:\/\/arianefinance.com\/ariane\/contactez-nous\/\"\n                              target=\"_self\"\n               class=\"button \">\n                <span>Contactez-nous!<\/span>\n                                    <i class=\"fa fa-chevron-right\"><\/i>\n                            <\/a>\n        <\/div>\n\n    \n<\/div>\n\t\t<\/div>\n\t\t\t\t<\/div>\n\t\t\t\t\t\t<\/div>\n\t\t\t\t\t<\/div>\n\t\t<\/div>\n\t\t\t\t\t\t\t\t<\/div>\n\t\t\t\t\t<\/div>\n\t\t<\/section>\n\t\t\t\t\t\t\t\t\t<\/div>\n\t\t\t<\/div>\n\t\t\t\t\t<\/div>\n\t\t","protected":false},"excerpt":{"rendered":"<p>Attestation de domiciliation de compte La Carte Visa pr\u00e9pay\u00e9e est une carte pr\u00e9-financ\u00e9e et rechargeable. Elle est accept\u00e9 internationalement dans tous les points d&#8217;acceptation des cartes Visa et permet une rapidit\u00e9 de transaction en ligne. Lire plus Attestation de non engagement La Carte Visa pr\u00e9pay\u00e9e est une carte pr\u00e9-financ\u00e9e et rechargeable. Elle est accept\u00e9 internationalement<\/p>\n","protected":false},"author":1,"featured_media":0,"parent":0,"menu_order":0,"comment_status":"closed","ping_status":"closed","template":"","meta":{"content-type":"","footnotes":""},"class_list":["post-558","page","type-page","status-publish","hentry"],"_links":{"self":[{"href":"https:\/\/arianefinance.com\/ariane\/wp-json\/wp\/v2\/pages\/558","targetHints":{"allow":["GET"]}}],"collection":[{"href":"https:\/\/arianefinance.com\/ariane\/wp-json\/wp\/v2\/pages"}],"about":[{"href":"https:\/\/arianefinance.com\/ariane\/wp-json\/wp\/v2\/types\/page"}],"author":[{"embeddable":true,"href":"https:\/\/arianefinance.com\/ariane\/wp-json\/wp\/v2\/users\/1"}],"replies":[{"embeddable":true,"href":"https:\/\/arianefinance.com\/ariane\/wp-json\/wp\/v2\/comments?post=558"}],"version-history":[{"count":7,"href":"https:\/\/arianefinance.com\/ariane\/wp-json\/wp\/v2\/pages\/558\/revisions"}],"predecessor-version":[{"id":7874,"href":"https:\/\/arianefinance.com\/ariane\/wp-json\/wp\/v2\/pages\/558\/revisions\/7874"}],"wp:attachment":[{"href":"https:\/\/arianefinance.com\/ariane\/wp-json\/wp\/v2\/media?parent=558"}],"curies":[{"name":"wp","href":"https:\/\/api.w.org\/{rel}","templated":true}]}}