{"id":3802,"date":"2015-12-15T07:37:33","date_gmt":"2015-12-15T06:37:33","guid":{"rendered":"http:\/\/consulting.stylemixthemes.com\/?page_id=9"},"modified":"2023-01-05T10:29:31","modified_gmt":"2023-01-05T09:29:31","slug":"a-propos","status":"publish","type":"page","link":"https:\/\/arianefinance.com\/ariane\/a-propos\/","title":{"rendered":"A propos"},"content":{"rendered":"\t\t<div data-elementor-type=\"wp-page\" data-elementor-id=\"3802\" class=\"elementor elementor-3802\">\n\t\t\t\t\t\t<div class=\"elementor-inner\">\n\t\t\t\t<div class=\"elementor-section-wrap\">\n\t\t\t\t\t\t\t\t\t<section class=\"elementor-section elementor-top-section elementor-element elementor-element-9b76513 elementor-section-boxed elementor-section-height-default elementor-section-height-default\" data-id=\"9b76513\" data-element_type=\"section\" data-settings=\"{&quot;background_background&quot;:&quot;classic&quot;}\">\n\t\t\t\t\t\t<div class=\"elementor-container elementor-column-gap-default\">\n\t\t\t\t\t\t\t<div class=\"elementor-row\">\n\t\t\t\t\t<div class=\"elementor-column elementor-col-100 elementor-top-column elementor-element elementor-element-9b76c81\" data-id=\"9b76c81\" data-element_type=\"column\">\n\t\t\t<div class=\"elementor-column-wrap elementor-element-populated\">\n\t\t\t\t\t\t\t<div class=\"elementor-widget-wrap\">\n\t\t\t\t\t\t<div class=\"elementor-element elementor-element-9f60311 elementor-widget elementor-widget-image\" data-id=\"9f60311\" data-element_type=\"widget\" data-widget_type=\"image.default\">\n\t\t\t\t<div class=\"elementor-widget-container\">\n\t\t\t\t\t\t\t\t<div class=\"elementor-image\">\n\t\t\t\t\t\t\t\t\t\t\t\t<img loading=\"lazy\" decoding=\"async\" width=\"1024\" height=\"389\" src=\"https:\/\/arianefinance.com\/ariane\/wp-content\/uploads\/2022\/10\/288184016_318422537159712_5549725545151668542_n-1024x389.jpg\" class=\"attachment-large size-large\" alt=\"\" srcset=\"https:\/\/arianefinance.com\/ariane\/wp-content\/uploads\/2022\/10\/288184016_318422537159712_5549725545151668542_n-1024x389.jpg 1024w, https:\/\/arianefinance.com\/ariane\/wp-content\/uploads\/2022\/10\/288184016_318422537159712_5549725545151668542_n-300x114.jpg 300w, https:\/\/arianefinance.com\/ariane\/wp-content\/uploads\/2022\/10\/288184016_318422537159712_5549725545151668542_n-768x292.jpg 768w, https:\/\/arianefinance.com\/ariane\/wp-content\/uploads\/2022\/10\/288184016_318422537159712_5549725545151668542_n-900x342.jpg 900w, https:\/\/arianefinance.com\/ariane\/wp-content\/uploads\/2022\/10\/288184016_318422537159712_5549725545151668542_n-600x228.jpg 600w, https:\/\/arianefinance.com\/ariane\/wp-content\/uploads\/2022\/10\/288184016_318422537159712_5549725545151668542_n.jpg 1080w\" sizes=\"auto, (max-width: 1024px) 100vw, 1024px\" \/>\t\t\t\t\t\t\t\t\t\t\t\t\t\t<\/div>\n\t\t\t\t\t\t<\/div>\n\t\t\t\t<\/div>\n\t\t\t\t<div class=\"elementor-element elementor-element-9b775cf elementor-widget elementor-widget-text-editor\" data-id=\"9b775cf\" data-element_type=\"widget\" data-widget_type=\"text-editor.default\">\n\t\t\t\t<div class=\"elementor-widget-container\">\n\t\t\t\t\t\t\t\t<div class=\"elementor-text-editor elementor-clearfix\">\n\t\t\t\t<h2>Qu&#8217;est-ce qu&#8217;Ariane Finance ?<\/h2>\n<div>\n<div class=\"x1yztbdb\">\n<div class=\"x78zum5 x1n2onr6 xh8yej3\">\n<div class=\"x9f619 x1n2onr6 x1ja2u2z x2bj2ny x1qpq9i9 xdney7k xu5ydu1 xt3gfkd xh8yej3 x6ikm8r x10wlt62 xquyuld\">\n<div class=\"x19xhxss x78zum5\">\n<div class=\"x1iyjqo2\">\n<div class=\"x1swvt13 x1gan7if xqmdsaz xyamay9\">\n<div class=\"\">\n<div class=\"xat24cr\">\n<div class=\"x13faqbe\">\n<div class=\"x9f619 x1n2onr6 x1ja2u2z x78zum5 x2lah0s x1nhvcw1 x1qjc9v5 xozqiw3 x1q0g3np xexx8yu xykv574 xbmpl8g x4cne27 xifccgj\">\n<div class=\"x9f619 x1n2onr6 x1ja2u2z x78zum5 xdt5ytf x193iq5w xeuugli x1r8uery x1iyjqo2 xs83m0k xamitd3 xsyo7zv x16hj40l x10b6aqq x1yrsyyn\">\n<div class=\"x126k92a xvq8zen x6prxxf xzsf02u\"><span class=\"x193iq5w xeuugli x13faqbe x1vvkbs x1xmvt09 x1lliihq x1s928wv xhkezso x1gmr53x x1cpjm7i x1fgarty x1943h6x xudqn12 x3x7a5m x6prxxf xvq8zen xo1l8bm xzsf02u\" dir=\"auto\"><strong>Ariane Finance est une institution de microfinance de cat\u00e9gorie 2 qui se veut donc associative,<\/strong> <strong>mutualiste, coop\u00e9rative. <\/strong><\/span><span class=\"x193iq5w xeuugli x13faqbe x1vvkbs x1xmvt09 x1lliihq x1s928wv xhkezso x1gmr53x x1cpjm7i x1fgarty x1943h6x xudqn12 x3x7a5m x6prxxf xvq8zen xo1l8bm xzsf02u\" dir=\"auto\"><strong>L\u2019ensemble de nos produits et services sont similaires \u00e0 ceux des banques.\u00a0 <\/strong><\/span><span class=\"x193iq5w xeuugli x13faqbe x1vvkbs x1xmvt09 x1lliihq x1s928wv xhkezso x1gmr53x x1cpjm7i x1fgarty x1943h6x xudqn12 x3x7a5m x6prxxf xvq8zen xo1l8bm xzsf02u\" dir=\"auto\"><strong>Notre particularit\u00e9 est de consid\u00e9rer toutes les personnes exclues par le syst\u00e8me bancaire, nous n\u2019avons donc pas de particularit\u00e9 ou de distinction en termes de client\u00e8le et sommes ouverts \u00e0 tous.<\/strong><\/span><\/div>\n<\/div>\n<\/div>\n<\/div>\n<\/div>\n<\/div>\n<\/div>\n<\/div>\n<\/div>\n<\/div>\n<\/div>\n<\/div>\n<\/div>\n<div>\u00a0<\/div>\n<p>\u00a0<\/p>\n\t\t\t\t\t<\/div>\n\t\t\t\t\t\t<\/div>\n\t\t\t\t<\/div>\n\t\t\t\t<section class=\"elementor-section elementor-top-section elementor-element elementor-element-9b77dc2 elementor-section-boxed elementor-section-height-default elementor-section-height-default\" data-id=\"9b77dc2\" data-element_type=\"section\">\n\t\t\t\t\t\t<div class=\"elementor-container elementor-column-gap-default\">\n\t\t\t\t\t\t\t<div class=\"elementor-row\">\n\t\t\t\t\t<div class=\"elementor-column elementor-col-50 elementor-top-column elementor-element elementor-element-9b782db\" data-id=\"9b782db\" data-element_type=\"column\">\n\t\t\t<div class=\"elementor-column-wrap elementor-element-populated\">\n\t\t\t\t\t\t\t<div class=\"elementor-widget-wrap\">\n\t\t\t\t\t\t<div class=\"elementor-element elementor-element-9b78843 elementor-widget elementor-widget-vc_custom_heading\" data-id=\"9b78843\" data-element_type=\"widget\" data-widget_type=\"vc_custom_heading.default\">\n\t\t\t\t<div class=\"elementor-widget-container\">\n\t\t\t<div class=\" vc_custom_heading no_stripe consulting_heading_font  text_align_left\" ><h4 style=\"color: #222222;text-align: left;font-weight:700\" class=\"consulting-custom-title\">Nos missions \n<\/h4><\/div>\t\t<\/div>\n\t\t\t\t<\/div>\n\t\t\t\t<div class=\"elementor-element elementor-element-9b78ce9 elementor-widget elementor-widget-text-editor\" data-id=\"9b78ce9\" data-element_type=\"widget\" data-widget_type=\"text-editor.default\">\n\t\t\t\t<div class=\"elementor-widget-container\">\n\t\t\t\t\t\t\t\t<div class=\"elementor-text-editor elementor-clearfix\">\n\t\t\t\t<p>Ariane Finance s&#8217;inscrit comme \u00e9tant votre partenaire et encadre ses missions autour de :<\/p>\n<ul>\n<li>Proposer des services bancaires 360\u00b0<\/li>\n<li>La proximit\u00e9 avec notre client\u00e8le\u00a0<\/li>\n<li>Orientation de notre client\u00e8le sur les d\u00e9cisions bancaires<\/li>\n<li>La transparence au niveau des offres de services\u00a0<\/li>\n<\/ul>\n\t\t\t\t\t<\/div>\n\t\t\t\t\t\t<\/div>\n\t\t\t\t<\/div>\n\t\t\t\t\t\t<\/div>\n\t\t\t\t\t<\/div>\n\t\t<\/div>\n\t\t\t\t<div class=\"elementor-column elementor-col-50 elementor-top-column elementor-element elementor-element-9b7907f\" data-id=\"9b7907f\" data-element_type=\"column\">\n\t\t\t<div class=\"elementor-column-wrap elementor-element-populated\">\n\t\t\t\t\t\t\t<div class=\"elementor-widget-wrap\">\n\t\t\t\t\t\t<div class=\"elementor-element elementor-element-fa38110 elementor-widget elementor-widget-image\" data-id=\"fa38110\" data-element_type=\"widget\" data-widget_type=\"image.default\">\n\t\t\t\t<div class=\"elementor-widget-container\">\n\t\t\t\t\t\t\t\t<div class=\"elementor-image\">\n\t\t\t\t\t\t\t\t\t\t\t\t<img loading=\"lazy\" decoding=\"async\" width=\"926\" height=\"649\" src=\"https:\/\/arianefinance.com\/ariane\/wp-content\/uploads\/2022\/10\/1_8siMiYRecNi13bBLbsAT0g.jpeg\" class=\"attachment-full size-full\" alt=\"\" srcset=\"https:\/\/arianefinance.com\/ariane\/wp-content\/uploads\/2022\/10\/1_8siMiYRecNi13bBLbsAT0g.jpeg 926w, https:\/\/arianefinance.com\/ariane\/wp-content\/uploads\/2022\/10\/1_8siMiYRecNi13bBLbsAT0g-300x210.jpeg 300w, https:\/\/arianefinance.com\/ariane\/wp-content\/uploads\/2022\/10\/1_8siMiYRecNi13bBLbsAT0g-768x538.jpeg 768w, https:\/\/arianefinance.com\/ariane\/wp-content\/uploads\/2022\/10\/1_8siMiYRecNi13bBLbsAT0g-900x631.jpeg 900w, https:\/\/arianefinance.com\/ariane\/wp-content\/uploads\/2022\/10\/1_8siMiYRecNi13bBLbsAT0g-358x250.jpeg 358w, https:\/\/arianefinance.com\/ariane\/wp-content\/uploads\/2022\/10\/1_8siMiYRecNi13bBLbsAT0g-600x421.jpeg 600w\" sizes=\"auto, (max-width: 926px) 100vw, 926px\" \/>\t\t\t\t\t\t\t\t\t\t\t\t\t\t<\/div>\n\t\t\t\t\t\t<\/div>\n\t\t\t\t<\/div>\n\t\t\t\t\t\t<\/div>\n\t\t\t\t\t<\/div>\n\t\t<\/div>\n\t\t\t\t\t\t\t\t<\/div>\n\t\t\t\t\t<\/div>\n\t\t<\/section>\n\t\t\t\t\t\t<\/div>\n\t\t\t\t\t<\/div>\n\t\t<\/div>\n\t\t\t\t\t\t\t\t<\/div>\n\t\t\t\t\t<\/div>\n\t\t<\/section>\n\t\t\t\t<section class=\"elementor-section elementor-top-section elementor-element elementor-element-9b7aca8 third_bg_color elementor-section-boxed elementor-section-height-default elementor-section-height-default\" data-id=\"9b7aca8\" data-element_type=\"section\" data-settings=\"{&quot;background_background&quot;:&quot;classic&quot;}\">\n\t\t\t\t\t\t<div class=\"elementor-container elementor-column-gap-default\">\n\t\t\t\t\t\t\t<div class=\"elementor-row\">\n\t\t\t\t\t<div class=\"elementor-column elementor-col-100 elementor-top-column elementor-element elementor-element-9b7b32d\" data-id=\"9b7b32d\" data-element_type=\"column\">\n\t\t\t<div class=\"elementor-column-wrap elementor-element-populated\">\n\t\t\t\t\t\t\t<div class=\"elementor-widget-wrap\">\n\t\t\t\t\t\t<div class=\"elementor-element elementor-element-9b7b8c9 elementor-widget elementor-widget-vc_cta\" data-id=\"9b7b8c9\" data-element_type=\"widget\" data-widget_type=\"vc_cta.default\">\n\t\t\t\t<div class=\"elementor-widget-container\">\n\t\t\t\n<div class=\"ce_cta ce_cta_0aa4bc51832362eb14cf3e746ba4b216 ce_text_left third_bg_color add_button_right btn_align_right btn_button_block_true btn_has_icon btn_has_icon_on_the_right\" id=\"\">\n\n    <div class=\"ce_cta__content\">\n        <div class=\"ce_cta__content__header\">\n            <h2  class='ce_cta__content__title '><a href='https:\/\/arianefinance.com\/ariane\/contactez-nous\/' target='_self'>Vous recherchez un gestionnaire de compte fiable ? <\/a><\/h2>                    <\/div>\n\n        \n    <\/div>\n\n    \n        <div class=\"ce_cta__action\">\n            <a href=\"https:\/\/arianefinance.com\/ariane\/contactez-nous\/\"\n                              target=\"_self\"\n               class=\"button \">\n                <span>contactez-nous<\/span>\n                                    <i class=\"fa fa-chevron-right\"><\/i>\n                            <\/a>\n        <\/div>\n\n    \n<\/div>\n\t\t<\/div>\n\t\t\t\t<\/div>\n\t\t\t\t\t\t<\/div>\n\t\t\t\t\t<\/div>\n\t\t<\/div>\n\t\t\t\t\t\t\t\t<\/div>\n\t\t\t\t\t<\/div>\n\t\t<\/section>\n\t\t\t\t\t\t\t\t\t<\/div>\n\t\t\t<\/div>\n\t\t\t\t\t<\/div>\n\t\t","protected":false},"excerpt":{"rendered":"<p>Qu&#8217;est-ce qu&#8217;Ariane Finance ? Ariane Finance est une institution de microfinance de cat\u00e9gorie 2 qui se veut donc associative, mutualiste, coop\u00e9rative. L\u2019ensemble de nos produits et services sont similaires \u00e0 ceux des banques.\u00a0 Notre particularit\u00e9 est de consid\u00e9rer toutes les personnes exclues par le syst\u00e8me bancaire, nous n\u2019avons donc pas de particularit\u00e9 ou de distinction<\/p>\n","protected":false},"author":1,"featured_media":0,"parent":0,"menu_order":0,"comment_status":"closed","ping_status":"closed","template":"","meta":{"content-type":"","footnotes":""},"class_list":["post-3802","page","type-page","status-publish","hentry"],"_links":{"self":[{"href":"https:\/\/arianefinance.com\/ariane\/wp-json\/wp\/v2\/pages\/3802","targetHints":{"allow":["GET"]}}],"collection":[{"href":"https:\/\/arianefinance.com\/ariane\/wp-json\/wp\/v2\/pages"}],"about":[{"href":"https:\/\/arianefinance.com\/ariane\/wp-json\/wp\/v2\/types\/page"}],"author":[{"embeddable":true,"href":"https:\/\/arianefinance.com\/ariane\/wp-json\/wp\/v2\/users\/1"}],"replies":[{"embeddable":true,"href":"https:\/\/arianefinance.com\/ariane\/wp-json\/wp\/v2\/comments?post=3802"}],"version-history":[{"count":46,"href":"https:\/\/arianefinance.com\/ariane\/wp-json\/wp\/v2\/pages\/3802\/revisions"}],"predecessor-version":[{"id":8270,"href":"https:\/\/arianefinance.com\/ariane\/wp-json\/wp\/v2\/pages\/3802\/revisions\/8270"}],"wp:attachment":[{"href":"https:\/\/arianefinance.com\/ariane\/wp-json\/wp\/v2\/media?parent=3802"}],"curies":[{"name":"wp","href":"https:\/\/api.w.org\/{rel}","templated":true}]}}