{"id":377,"date":"2022-10-07T04:23:00","date_gmt":"2022-10-07T02:23:00","guid":{"rendered":"http:\/\/consulting.stylemixthemes.com\/?page_id=377"},"modified":"2024-06-20T12:37:56","modified_gmt":"2024-06-20T10:37:56","slug":"company-history","status":"publish","type":"page","link":"https:\/\/arianefinance.com\/ariane\/a-propos\/company-history\/","title":{"rendered":"Notre histoire"},"content":{"rendered":"\t\t<div data-elementor-type=\"wp-page\" data-elementor-id=\"377\" class=\"elementor elementor-377\">\n\t\t\t\t\t\t<div class=\"elementor-inner\">\n\t\t\t\t<div class=\"elementor-section-wrap\">\n\t\t\t\t\t\t\t\t\t<section class=\"elementor-section elementor-top-section elementor-element elementor-element-7b230b0 elementor-section-boxed elementor-section-height-default elementor-section-height-default\" data-id=\"7b230b0\" data-element_type=\"section\" data-settings=\"{&quot;background_background&quot;:&quot;classic&quot;}\">\n\t\t\t\t\t\t<div class=\"elementor-container elementor-column-gap-default\">\n\t\t\t\t\t\t\t<div class=\"elementor-row\">\n\t\t\t\t\t<div class=\"elementor-column elementor-col-100 elementor-top-column elementor-element elementor-element-7b235f4\" data-id=\"7b235f4\" data-element_type=\"column\">\n\t\t\t<div class=\"elementor-column-wrap elementor-element-populated\">\n\t\t\t\t\t\t\t<div class=\"elementor-widget-wrap\">\n\t\t\t\t\t\t<div class=\"elementor-element elementor-element-7b23a2e elementor-widget elementor-widget-image\" data-id=\"7b23a2e\" data-element_type=\"widget\" data-widget_type=\"image.default\">\n\t\t\t\t<div class=\"elementor-widget-container\">\n\t\t\t\t\t\t\t\t<div class=\"elementor-image\">\n\t\t\t\t\t\t\t\t\t\t\t\t<img loading=\"lazy\" decoding=\"async\" width=\"300\" height=\"300\" src=\"https:\/\/arianefinance.com\/ariane\/wp-content\/uploads\/2019\/09\/Logo-Ariane-300x300-1.png\" class=\"attachment-large size-large\" alt=\"\" srcset=\"https:\/\/arianefinance.com\/ariane\/wp-content\/uploads\/2019\/09\/Logo-Ariane-300x300-1.png 300w, https:\/\/arianefinance.com\/ariane\/wp-content\/uploads\/2019\/09\/Logo-Ariane-300x300-1-100x100.png 100w, https:\/\/arianefinance.com\/ariane\/wp-content\/uploads\/2019\/09\/Logo-Ariane-300x300-1-150x150.png 150w, https:\/\/arianefinance.com\/ariane\/wp-content\/uploads\/2019\/09\/Logo-Ariane-300x300-1-50x50.png 50w\" sizes=\"auto, (max-width: 300px) 100vw, 300px\" \/>\t\t\t\t\t\t\t\t\t\t\t\t\t\t<\/div>\n\t\t\t\t\t\t<\/div>\n\t\t\t\t<\/div>\n\t\t\t\t<div class=\"elementor-element elementor-element-7b242f2 elementor-widget elementor-widget-text-editor\" data-id=\"7b242f2\" data-element_type=\"widget\" data-widget_type=\"text-editor.default\">\n\t\t\t\t<div class=\"elementor-widget-container\">\n\t\t\t\t\t\t\t\t<div class=\"elementor-text-editor elementor-clearfix\">\n\t\t\t\t<h2>Notre Histoire\u00a0<\/h2>\n<p>Ariane Finance est une banque de microcr\u00e9dit de cat\u00e9gorie 2 qui propose les m\u00eames services qu&#8217;une banque classique. Toutefois, Ariane ne s&#8217;est pas construite en un jour.\u00a0<\/p>\n\t\t\t\t\t<\/div>\n\t\t\t\t\t\t<\/div>\n\t\t\t\t<\/div>\n\t\t\t\t<div class=\"elementor-element elementor-element-7b24578 elementor-widget elementor-widget-stm_company_history\" data-id=\"7b24578\" data-element_type=\"widget\" data-widget_type=\"stm_company_history.default\">\n\t\t\t\t<div class=\"elementor-widget-container\">\n\t\t\t\n    <div class=\"company_history style_1\">\n        <ul>\n                            <li>\n\n                                            <div class=\"year\">2019<\/div>\n                    \n                    <div class=\"sep\"><\/div>\n\n                    <div class=\"company_history_text\">\n\n                                                    <h4 class=\"no_stripe\">Fondation d&#039;Ariane Finance <\/h4>\n                        \n                                                    <p>Ariane Finance vit le jour le second trimestre de 2019.<\/p>\n                        \n                    <\/div>\n\n                <\/li>\n                            <li>\n\n                                            <div class=\"year\">2020<\/div>\n                    \n                    <div class=\"sep\"><\/div>\n\n                    <div class=\"company_history_text\">\n\n                                                    <h4 class=\"no_stripe\">\u00c9largissement des services<\/h4>\n                        \n                                                    <p>Ariane Finance va \u00e9largir ses services en devenant une institution de microfinance de 2eme cat\u00e9gorie.<\/p>\n                        \n                    <\/div>\n\n                <\/li>\n                            <li>\n\n                                            <div class=\"year\">2021<\/div>\n                    \n                    <div class=\"sep\"><\/div>\n\n                    <div class=\"company_history_text\">\n\n                                                    <h4 class=\"no_stripe\">Expansion des locaux <\/h4>\n                        \n                                                    <p style=\"margin: 0cm; margin-bottom: .0001pt; line-height: 13.5pt; background: white;\"><span style=\"font-size: 10.0pt; font-family: 'Arial',sans-serif; color: #999999;\">Depuis 2021, Ariane Finance s\u2019est lanc\u00e9e dans un projet d\u2019expansion par l\u2019ouverture des agences \u00e0 l\u2019int\u00e9rieur du pays notamment dans les provinces du Haut Ogoou\u00e9 et de l\u2019Ogoou\u00e9 Lolo prouvant \u00e0 suffisance la volont\u00e9 de servir les clients partout dans le pays.<\/span><\/p>\n                        \n                    <\/div>\n\n                <\/li>\n                    <\/ul>\n    <\/div>\n\n\t\t<\/div>\n\t\t\t\t<\/div>\n\t\t\t\t<div class=\"elementor-element elementor-element-7b24943 elementor-widget elementor-widget-stm_spacing\" data-id=\"7b24943\" data-element_type=\"widget\" data-widget_type=\"stm_spacing.default\">\n\t\t\t\t<div class=\"elementor-widget-container\">\n\t\t\t<div class=\"stm-spacing\" id=\"stm-spacing-69fb3285ce744\"><\/div>\n<script>\n    (function($){\n        \"use strict\";\n        var spacingID = 'stm-spacing-69fb3285ce744',\n            lgSpacing = '',\n            mdSpacing = '',\n            smSpacing = '60',\n            xsSpacing = '60';\n\n        function stmSpacing() {\n            if ( window.matchMedia(\"(min-width: 1200px)\").matches && lgSpacing ) {\n                $( '#' + spacingID ).css ( \"height\", lgSpacing );\n            } else if ( window.matchMedia(\"(max-width: 1199px) and (min-width: 992px )\").matches && mdSpacing ) {\n                $( '#' + spacingID ).css ( \"height\", mdSpacing );\n            } else if ( window.matchMedia(\"(max-width: 991px) and (min-width: 768px )\").matches && smSpacing ) {\n                $( '#' + spacingID ).css ( \"height\", smSpacing );\n            } else if ( window.matchMedia(\"(max-width: 767px)\").matches && xsSpacing ) {\n                $( '#' + spacingID ).css ( \"height\", xsSpacing );\n            } else {\n                $( '#' + spacingID ).css ( \"height\", \"\" );\n            }\n        }\n\n        $(document).ready(function() {\n            stmSpacing();\n        });\n\n        $(window).resize(function() {\n            stmSpacing();\n        });\n\n    })(jQuery);\n<\/script>\t\t<\/div>\n\t\t\t\t<\/div>\n\t\t\t\t\t\t<\/div>\n\t\t\t\t\t<\/div>\n\t\t<\/div>\n\t\t\t\t<div class=\"elementor-column elementor-col-100 elementor-top-column elementor-element elementor-element-7b249e0\" data-id=\"7b249e0\" data-element_type=\"column\">\n\t\t\t<div class=\"elementor-column-wrap elementor-element-populated\">\n\t\t\t\t\t\t\t<div class=\"elementor-widget-wrap\">\n\t\t\t\t\t\t<div class=\"elementor-element elementor-element-7b24d53 elementor-widget elementor-widget-stm_sidebar\" data-id=\"7b24d53\" data-element_type=\"widget\" data-widget_type=\"stm_sidebar.default\">\n\t\t\t\t<div class=\"elementor-widget-container\">\n\t\t\t\n<div class=\"stm_sidebar consulting_elementor_sidebar\">\n\n            \t\t<div data-elementor-type=\"wp-post\" data-elementor-id=\"311\" class=\"elementor elementor-311\">\n\t\t\t\t\t\t<div class=\"elementor-inner\">\n\t\t\t\t<div class=\"elementor-section-wrap\">\n\t\t\t\t\t\t\t\t\t<section class=\"elementor-section elementor-top-section elementor-element elementor-element-8ce4966 elementor-section-boxed elementor-section-height-default elementor-section-height-default\" data-id=\"8ce4966\" data-element_type=\"section\" data-settings=\"{&quot;background_background&quot;:&quot;classic&quot;}\">\n\t\t\t\t\t\t<div class=\"elementor-container elementor-column-gap-default\">\n\t\t\t\t\t\t\t<div class=\"elementor-row\">\n\t\t\t\t\t<div class=\"elementor-column elementor-col-100 elementor-top-column elementor-element elementor-element-8ce4e6c\" data-id=\"8ce4e6c\" data-element_type=\"column\">\n\t\t\t<div class=\"elementor-column-wrap elementor-element-populated\">\n\t\t\t\t\t\t\t<div class=\"elementor-widget-wrap\">\n\t\t\t\t\t\t<div class=\"elementor-element elementor-element-8ce5435 elementor-align-left elementor-widget elementor-widget-button\" data-id=\"8ce5435\" data-element_type=\"widget\" data-widget_type=\"button.default\">\n\t\t\t\t<div class=\"elementor-widget-container\">\n\t\t\t\t\t<div class=\"elementor-button-wrapper icon_align_left  button_block\">\n\t\t\t<a href=\"https:\/\/drive.google.com\/u\/0\/uc?id=1BRh-5F9imVI5M7SN1T0cab69YBmRphxg&#038;export=download\" class=\"elementor-button-link elementor-button elementor-size-lg\" role=\"button\">\n\t\t\t\t\t\t<span class=\"elementor-button-content-wrapper\">\n\t\t\t\t\t\t\t<span class=\"elementor-button-icon elementor-align-icon-left\">\n\t\t\t\t<i aria-hidden=\"true\" class=\"fa fa-file-pdf-o\"><\/i>\t\t\t<\/span>\n\t\t\t\t\t\t<span class=\"elementor-button-text\">Pr\u00e9sentation d'Ariane Finance <\/span>\n\t\t<\/span>\n\t\t\t\t\t<\/a>\n\t\t<\/div>\n\t\t\t\t<\/div>\n\t\t\t\t<\/div>\n\t\t\t\t\t\t<\/div>\n\t\t\t\t\t<\/div>\n\t\t<\/div>\n\t\t\t\t\t\t\t\t<\/div>\n\t\t\t\t\t<\/div>\n\t\t<\/section>\n\t\t\t\t<section class=\"elementor-section elementor-top-section elementor-element elementor-element-8ce604d third_bg_color elementor-section-boxed elementor-section-height-default elementor-section-height-default\" data-id=\"8ce604d\" data-element_type=\"section\" data-settings=\"{&quot;background_background&quot;:&quot;classic&quot;}\">\n\t\t\t\t\t\t<div class=\"elementor-container elementor-column-gap-default\">\n\t\t\t\t\t\t\t<div class=\"elementor-row\">\n\t\t\t\t\t<div class=\"elementor-column elementor-col-100 elementor-top-column elementor-element elementor-element-8ce6597\" data-id=\"8ce6597\" data-element_type=\"column\" data-settings=\"{&quot;background_background&quot;:&quot;classic&quot;}\">\n\t\t\t<div class=\"elementor-column-wrap elementor-element-populated\">\n\t\t\t\t\t\t\t<div class=\"elementor-widget-wrap\">\n\t\t\t\t\t\t<div class=\"elementor-element elementor-element-8ce69ff elementor-widget elementor-widget-vc_custom_heading\" data-id=\"8ce69ff\" data-element_type=\"widget\" data-widget_type=\"vc_custom_heading.default\">\n\t\t\t\t<div class=\"elementor-widget-container\">\n\t\t\t<div class=\" vc_custom_heading  consulting_heading_font  text_align_left\" ><div style=\"font-size: 16px;color: #002e5b;text-align: left;font-weight:700\" class=\"consulting-custom-title\">En quoi pouvons-nous vous aider ? \n<\/div><\/div>\t\t<\/div>\n\t\t\t\t<\/div>\n\t\t\t\t<div class=\"elementor-element elementor-element-8ce6e43 elementor-widget elementor-widget-text-editor\" data-id=\"8ce6e43\" data-element_type=\"widget\" data-widget_type=\"text-editor.default\">\n\t\t\t\t<div class=\"elementor-widget-container\">\n\t\t\t\t\t\t\t\t<div class=\"elementor-text-editor elementor-clearfix\">\n\t\t\t\t<p><span style=\"font-size: 13px; line-height: 22px; color: #002e5b;\">Contactez-nous \u00e0 travers nos diff\u00e9rentes coordonn\u00e9es et vous serez pris en charge par un agent d&#8217;Ariane Finance.\u00a0<\/span><\/p>\n\t\t\t\t\t<\/div>\n\t\t\t\t\t\t<\/div>\n\t\t\t\t<\/div>\n\t\t\t\t<div class=\"elementor-element elementor-element-8ce70dd elementor-widget__width-auto elementor-widget elementor-widget-button\" data-id=\"8ce70dd\" data-element_type=\"widget\" data-widget_type=\"button.default\">\n\t\t\t\t<div class=\"elementor-widget-container\">\n\t\t\t\t\t<div class=\"elementor-button-wrapper icon_align_left  \">\n\t\t\t<a href=\"https:\/\/arianefinance.com\/ariane\/contactez-nous\/\" class=\"elementor-button-link elementor-button elementor-size-sm\" role=\"button\">\n\t\t\t\t\t\t<span class=\"elementor-button-content-wrapper\">\n\t\t\t\t\t\t\t<span class=\"elementor-button-icon elementor-align-icon-left\">\n\t\t\t\t<i aria-hidden=\"true\" class=\"fa fa-phone-square\"><\/i>\t\t\t<\/span>\n\t\t\t\t\t\t<span class=\"elementor-button-text\">contacts<\/span>\n\t\t<\/span>\n\t\t\t\t\t<\/a>\n\t\t<\/div>\n\t\t\t\t<\/div>\n\t\t\t\t<\/div>\n\t\t\t\t\t\t<\/div>\n\t\t\t\t\t<\/div>\n\t\t<\/div>\n\t\t\t\t\t\t\t\t<\/div>\n\t\t\t\t\t<\/div>\n\t\t<\/section>\n\t\t\t\t<section class=\"elementor-section elementor-top-section elementor-element elementor-element-8ce7b14 elementor-section-boxed elementor-section-height-default elementor-section-height-default\" data-id=\"8ce7b14\" data-element_type=\"section\">\n\t\t\t\t\t\t<div class=\"elementor-container elementor-column-gap-default\">\n\t\t\t\t\t\t\t<div class=\"elementor-row\">\n\t\t\t\t\t<div class=\"elementor-column elementor-col-100 elementor-top-column elementor-element elementor-element-8ce7f24\" data-id=\"8ce7f24\" data-element_type=\"column\">\n\t\t\t<div class=\"elementor-column-wrap elementor-element-populated\">\n\t\t\t\t\t\t\t<div class=\"elementor-widget-wrap\">\n\t\t\t\t\t\t<div class=\"elementor-element elementor-element-8ce826a elementor-widget elementor-widget-stm_testimonials\" data-id=\"8ce826a\" data-element_type=\"widget\" data-widget_type=\"stm_testimonials.default\">\n\t\t\t\t<div class=\"elementor-widget-container\">\n\t\t\t\n\n\t\t\t<div class=\"stm_testimonials consulting_elementor_testimonials style_1\">\n\t\t\t\t\t\t\t<div class=\"item\">\n\t\t\t\t\t<div class=\"testimonial\"><p>Ariane Finance assure un excellent suivi du versement des salaires et des diff\u00e9rents flux financiers de notre structure. <\/p>\n<\/div>\n\t\t\t\t\t<div class=\"testimonial-info clearfix\">\n\t\t\t\t\t\t<div class=\"testimonial-image\"><\/div>\n\t\t\t\t\t\t<div class=\"testimonial-text\">\n\t\t\t\t\t\t\t<div class=\"name\">Jeff BOUNDAMAS<\/div>\n\t\t\t\t\t\t\t<div class=\"company\">\n\t\t\t\t\t\t\tDirecteur G\u00e9n\u00e9ral, JOBS CONSEIL\t\t\t\t\t\t\t<\/div>\n\t\t\t\t\t\t<\/div>\n\t\t\t\t\t<\/div>\n\t\t\t\t<\/div>\n\t\t\t\t\t<\/div>\n\t\n\t\t\t<\/div>\n\t\t\t\t<\/div>\n\t\t\t\t\t\t<\/div>\n\t\t\t\t\t<\/div>\n\t\t<\/div>\n\t\t\t\t\t\t\t\t<\/div>\n\t\t\t\t\t<\/div>\n\t\t<\/section>\n\t\t\t\t\t\t\t\t\t<\/div>\n\t\t\t<\/div>\n\t\t\t\t\t<\/div>\n\t\t    \n<\/div>\t\t<\/div>\n\t\t\t\t<\/div>\n\t\t\t\t\t\t<\/div>\n\t\t\t\t\t<\/div>\n\t\t<\/div>\n\t\t\t\t\t\t\t\t<\/div>\n\t\t\t\t\t<\/div>\n\t\t<\/section>\n\t\t\t\t<section class=\"elementor-section elementor-top-section elementor-element elementor-element-c8891c0 elementor-section-boxed elementor-section-height-default elementor-section-height-default\" data-id=\"c8891c0\" data-element_type=\"section\">\n\t\t\t\t\t\t<div class=\"elementor-container elementor-column-gap-default\">\n\t\t\t\t\t\t\t<div class=\"elementor-row\">\n\t\t\t\t\t<div class=\"elementor-column elementor-col-50 elementor-top-column elementor-element elementor-element-ac7993f\" data-id=\"ac7993f\" data-element_type=\"column\">\n\t\t\t<div class=\"elementor-column-wrap elementor-element-populated\">\n\t\t\t\t\t\t\t<div class=\"elementor-widget-wrap\">\n\t\t\t\t\t\t<div class=\"elementor-element elementor-element-798a6ef elementor-widget elementor-widget-text-editor\" data-id=\"798a6ef\" data-element_type=\"widget\" data-widget_type=\"text-editor.default\">\n\t\t\t\t<div class=\"elementor-widget-container\">\n\t\t\t\t\t\t\t\t<div class=\"elementor-text-editor elementor-clearfix\">\n\t\t\t\t<div class=\"page\" title=\"Page 1\">\n<div class=\"section\">\n<div class=\"layoutArea\">\n<div class=\"column\">\n<p><strong>FORME JURIDIQUE<\/strong><\/p>\n<p style=\"margin: 0cm; margin-bottom: .0001pt; line-height: 19.5pt;\"><span style=\"font-size: 10.5pt; color: black;\">ARIANE FINANCE S.A est un e\u0301tablissement de microfinance de 2\u00e8me cate\u0301gorie cre\u0301\u00e9e sous la forme juridique d\u2019une socie\u0301te\u0301 anonyme au capital de 300 000 000 (trois-cent-millions de francs CFA) constitue\u0301e de 3 000(mille) actions de XAF 10 000 (dix mille francs CFA) chacune. Socie\u0301te\u0301 anonyme avec conseil d\u2019administration en application des dispositions du re\u0300glement COBAC EMF 2002\/21 relatif aux formes juridique lie\u0301es a\u0300 chaque cate\u0301gorie d\u2019EMF.<\/span><\/p>\n<\/div>\n<\/div>\n<\/div>\n<\/div>\n\t\t\t\t\t<\/div>\n\t\t\t\t\t\t<\/div>\n\t\t\t\t<\/div>\n\t\t\t\t\t\t<\/div>\n\t\t\t\t\t<\/div>\n\t\t<\/div>\n\t\t\t\t<div class=\"elementor-column elementor-col-50 elementor-top-column elementor-element elementor-element-976a5e7\" data-id=\"976a5e7\" data-element_type=\"column\">\n\t\t\t<div class=\"elementor-column-wrap elementor-element-populated\">\n\t\t\t\t\t\t\t<div class=\"elementor-widget-wrap\">\n\t\t\t\t\t\t<div class=\"elementor-element elementor-element-3fe323d elementor-widget elementor-widget-text-editor\" data-id=\"3fe323d\" data-element_type=\"widget\" data-widget_type=\"text-editor.default\">\n\t\t\t\t<div class=\"elementor-widget-container\">\n\t\t\t\t\t\t\t\t<div class=\"elementor-text-editor elementor-clearfix\">\n\t\t\t\t<div class=\"page\" title=\"Page 1\">\n<div class=\"section\">\n<div class=\"layoutArea\">\n<div class=\"column\">\n<p><strong>DATE DE CREATION ET DE DEBUT D&#8217;ACTIVITE<\/strong><\/p>\n<p style=\"line-height: 19.5pt; margin: 0cm 0cm 7.5pt 0cm;\"><span style=\"font-size: 10.5pt; color: black;\">ARIANE FINANCE S.A a tenu son assemble\u0301e ge\u0301ne\u0301rale constitutive le 23\/02\/2018 et a obtenu la fiche unique d\u2019enregistrement de l\u2019ANPI-GABON le 22\/03\/2018.<\/span><\/p>\n<p style=\"margin: 0cm; margin-bottom: .0001pt; line-height: 19.5pt;\"><span style=\"font-size: 10.5pt; color: black;\">Le de\u0301but d\u2019activite\u0301 est subordonne\u0301e a\u0300 l\u2019obtention de l\u2019agre\u0301ment de l\u2019autorite\u0301 mone\u0301taire. Le conseil d\u2019administration e\u0301mis le souhait de de\u0301buter les activite\u0301s au cours du second semestre 2019.<\/span><\/p>\n<\/div>\n<\/div>\n<\/div>\n<\/div>\n\t\t\t\t\t<\/div>\n\t\t\t\t\t\t<\/div>\n\t\t\t\t<\/div>\n\t\t\t\t\t\t<\/div>\n\t\t\t\t\t<\/div>\n\t\t<\/div>\n\t\t\t\t\t\t\t\t<\/div>\n\t\t\t\t\t<\/div>\n\t\t<\/section>\n\t\t\t\t<section class=\"elementor-section elementor-top-section elementor-element elementor-element-985696f elementor-section-boxed elementor-section-height-default elementor-section-height-default\" data-id=\"985696f\" data-element_type=\"section\">\n\t\t\t\t\t\t<div class=\"elementor-container elementor-column-gap-default\">\n\t\t\t\t\t\t\t<div class=\"elementor-row\">\n\t\t\t\t\t<div class=\"elementor-column elementor-col-100 elementor-top-column elementor-element elementor-element-de99a26\" data-id=\"de99a26\" data-element_type=\"column\">\n\t\t\t<div class=\"elementor-column-wrap elementor-element-populated\">\n\t\t\t\t\t\t\t<div class=\"elementor-widget-wrap\">\n\t\t\t\t\t\t<div class=\"elementor-element elementor-element-7591cd3 elementor-widget elementor-widget-text-editor\" data-id=\"7591cd3\" data-element_type=\"widget\" data-widget_type=\"text-editor.default\">\n\t\t\t\t<div class=\"elementor-widget-container\">\n\t\t\t\t\t\t\t\t<div class=\"elementor-text-editor elementor-clearfix\">\n\t\t\t\t<div class=\"page\" title=\"Page 1\">\n<div class=\"section\">\n<div class=\"layoutArea\">\n<div class=\"column\">\n<p><strong>MISSION<\/strong><\/p>\n<p>ARIANE FINANCE S.A a pour but la promotion de l\u2019e\u0301pargne parmi ses membres socie\u0301taires et ses clients non membres en cre\u0301ant une source de capital en vue de l\u2019octroi des cre\u0301dits a\u0300 taux d\u2019inte\u0301re\u0302t mode\u0301re\u0301s.<\/p>\n<p>Favoriser l\u2019inclusion financie\u0300re, e\u0301conomique et sociale des entreprises \u00e0 taille humaine et leur permettre de d\u00e9velopper leur activite\u0301s par l\u2019acce\u0300s a\u0300 des services de microfinance varie\u0301s et adapte\u0301s.<\/p>\n<p>De fac\u0327on spe\u0301cifique, ARIANE FINANCE S.A se donne pour objectifs principaux de:<\/p>\n<ul>\n<li>Mobiliser les capitaux par l\u2019e\u0301pargne publique;<\/li>\n<li>Financer le d\u00e9veloppement e\u0301conomique;<\/li>\n<li>Offrir des services financi\u00e8res aux exclus du syst\u00e8me bancaire classique;<\/li>\n<li>Ame\u0301liorer les conditions de vie des populations d\u00e9favoris\u00e9es et d\u00e9munies;<\/li>\n<\/ul>\n<\/div>\n<\/div>\n<\/div>\n<\/div>\n\t\t\t\t\t<\/div>\n\t\t\t\t\t\t<\/div>\n\t\t\t\t<\/div>\n\t\t\t\t\t\t<\/div>\n\t\t\t\t\t<\/div>\n\t\t<\/div>\n\t\t\t\t\t\t\t\t<\/div>\n\t\t\t\t\t<\/div>\n\t\t<\/section>\n\t\t\t\t<section class=\"elementor-section elementor-top-section elementor-element elementor-element-7b24df7 third_bg_color elementor-section-boxed elementor-section-height-default elementor-section-height-default\" data-id=\"7b24df7\" data-element_type=\"section\" data-settings=\"{&quot;background_background&quot;:&quot;classic&quot;}\">\n\t\t\t\t\t\t<div class=\"elementor-container elementor-column-gap-default\">\n\t\t\t\t\t\t\t<div class=\"elementor-row\">\n\t\t\t\t\t<div class=\"elementor-column elementor-col-100 elementor-top-column elementor-element elementor-element-7b25202\" data-id=\"7b25202\" data-element_type=\"column\">\n\t\t\t<div class=\"elementor-column-wrap elementor-element-populated\">\n\t\t\t\t\t\t\t<div class=\"elementor-widget-wrap\">\n\t\t\t\t\t\t<div class=\"elementor-element elementor-element-7b25542 elementor-widget elementor-widget-vc_cta\" data-id=\"7b25542\" data-element_type=\"widget\" data-widget_type=\"vc_cta.default\">\n\t\t\t\t<div class=\"elementor-widget-container\">\n\t\t\t\n<div class=\"ce_cta ce_cta_ea159e523791fa05004f3a30198a5a9f ce_text_left third_bg_color add_button_right btn_align_right btn_button_block_ btn_has_icon btn_has_icon_on_the_right\" id=\"\">\n\n    <div class=\"ce_cta__content\">\n        <div class=\"ce_cta__content__header\">\n            <h2  class='ce_cta__content__title '>Vous voulez un service bancaire de qualit\u00e9 ?<\/h2>                    <\/div>\n\n        \n    <\/div>\n\n    \n        <div class=\"ce_cta__action\">\n            <a href=\"https:\/\/arianefinance.com\/ariane\/contactez-nous\/\"\n                              target=\"_self\"\n               class=\"button \">\n                <span>contactez-nous<\/span>\n                                    <i class=\"fa fa-chevron-right\"><\/i>\n                            <\/a>\n        <\/div>\n\n    \n<\/div>\n\t\t<\/div>\n\t\t\t\t<\/div>\n\t\t\t\t\t\t<\/div>\n\t\t\t\t\t<\/div>\n\t\t<\/div>\n\t\t\t\t\t\t\t\t<\/div>\n\t\t\t\t\t<\/div>\n\t\t<\/section>\n\t\t\t\t\t\t\t\t\t<\/div>\n\t\t\t<\/div>\n\t\t\t\t\t<\/div>\n\t\t","protected":false},"excerpt":{"rendered":"<p>Notre Histoire\u00a0 Ariane Finance est une banque de microcr\u00e9dit de cat\u00e9gorie 2 qui propose les m\u00eames services qu&#8217;une banque classique. Toutefois, Ariane ne s&#8217;est pas construite en un jour.\u00a0 2019 Fondation d&#039;Ariane Finance Ariane Finance vit le jour le second trimestre de 2019. 2020 \u00c9largissement des services Ariane Finance va \u00e9largir ses services en devenant<\/p>\n","protected":false},"author":1,"featured_media":0,"parent":3802,"menu_order":0,"comment_status":"closed","ping_status":"closed","template":"","meta":{"content-type":"","footnotes":""},"class_list":["post-377","page","type-page","status-publish","hentry"],"_links":{"self":[{"href":"https:\/\/arianefinance.com\/ariane\/wp-json\/wp\/v2\/pages\/377","targetHints":{"allow":["GET"]}}],"collection":[{"href":"https:\/\/arianefinance.com\/ariane\/wp-json\/wp\/v2\/pages"}],"about":[{"href":"https:\/\/arianefinance.com\/ariane\/wp-json\/wp\/v2\/types\/page"}],"author":[{"embeddable":true,"href":"https:\/\/arianefinance.com\/ariane\/wp-json\/wp\/v2\/users\/1"}],"replies":[{"embeddable":true,"href":"https:\/\/arianefinance.com\/ariane\/wp-json\/wp\/v2\/comments?post=377"}],"version-history":[{"count":103,"href":"https:\/\/arianefinance.com\/ariane\/wp-json\/wp\/v2\/pages\/377\/revisions"}],"predecessor-version":[{"id":8512,"href":"https:\/\/arianefinance.com\/ariane\/wp-json\/wp\/v2\/pages\/377\/revisions\/8512"}],"up":[{"embeddable":true,"href":"https:\/\/arianefinance.com\/ariane\/wp-json\/wp\/v2\/pages\/3802"}],"wp:attachment":[{"href":"https:\/\/arianefinance.com\/ariane\/wp-json\/wp\/v2\/media?parent=377"}],"curies":[{"name":"wp","href":"https:\/\/api.w.org\/{rel}","templated":true}]}}